{"id":427,"date":"2024-06-10T10:51:13","date_gmt":"2024-06-10T10:51:13","guid":{"rendered":"https:\/\/raw.githubusercontent.com\/drfuri\/demo-content\/main\/ecomus\/fashion\/images\/?page_id=427"},"modified":"2025-11-25T18:53:21","modified_gmt":"2025-11-25T15:53:21","slug":"restoranimiz","status":"publish","type":"page","link":"https:\/\/anka.farm\/en\/restoranimiz\/","title":{"rendered":"Our restaurant"},"content":{"rendered":"<div data-elementor-type=\"wp-page\" data-elementor-id=\"427\" class=\"elementor elementor-427\">\n\t\t\t\t<div class=\"elementor-element elementor-element-aa09672 e-flex e-con-boxed ecomus-responsive-column ecomus-tablet-column--default ecomus-responsive-column ecomus-mobile-column--default ecomus-responsive-column ecomus-motion--var(--position) e-con e-parent\" data-id=\"aa09672\" data-element_type=\"container\">\n\t\t\t\t\t<div class=\"e-con-inner\">\n\t\t<div class=\"elementor-element elementor-element-a8270c3 e-con-full e-flex ecomus-responsive-column ecomus-tablet-column--default ecomus-responsive-column ecomus-mobile-column--default ecomus-responsive-column ecomus-motion--var(--position) e-con e-child\" data-id=\"a8270c3\" data-element_type=\"container\" data-settings=\"{&quot;background_background&quot;:&quot;classic&quot;}\">\n\t\t\t\t<div class=\"elementor-element elementor-element-08d2bed elementor-widget elementor-widget-ecomus-heading\" data-id=\"08d2bed\" data-element_type=\"widget\" data-widget_type=\"ecomus-heading.default\">\n\t\t\t\t<div class=\"elementor-widget-container\">\n\t\t\t\t\t\t\t<div class=\"ecomus-heading-elementor\">\n\t\t\t\t<h2 class=\"ecomus-heading em-flex em-flex-align-center ecomus-heading--default\">\n\t\t\t\t\t\t\t\t\t\tOur restaurant\t\t\t\t<\/h2>\n\t\t\t<\/div>\n\t\t\t\t\t\t<\/div>\n\t\t\t\t<\/div>\n\t\t\t\t<\/div>\n\t\t<div class=\"elementor-element elementor-element-210e68e e-con-full e-flex ecomus-responsive-column ecomus-tablet-column--default ecomus-responsive-column ecomus-mobile-column--default ecomus-responsive-column ecomus-motion--var(--position) e-con e-child\" data-id=\"210e68e\" data-element_type=\"container\">\n\t\t\t\t<div class=\"elementor-element elementor-element-f11afb1 elementor-widget-divider--view-line elementor-widget elementor-widget-divider\" data-id=\"f11afb1\" data-element_type=\"widget\" data-widget_type=\"divider.default\">\n\t\t\t\t\t\t\t<div class=\"elementor-divider\">\n\t\t\t<span class=\"elementor-divider-separator\">\n\t\t\t\t\t\t<\/span>\n\t\t<\/div>\n\t\t\t\t\t\t<\/div>\n\t\t\t\t<\/div>\n\t\t<div class=\"elementor-element elementor-element-448ea03 e-con-full e-flex ecomus-responsive-column ecomus-tablet-column--default ecomus-responsive-column ecomus-mobile-column--default ecomus-responsive-column ecomus-motion--var(--position) e-con e-child\" data-id=\"448ea03\" data-element_type=\"container\">\n\t\t<div class=\"elementor-element elementor-element-c9e3fe4 e-con-full e-flex ecomus-responsive-column ecomus-tablet-column--default ecomus-responsive-column ecomus-mobile-column--default ecomus-responsive-column ecomus-motion--var(--position) e-con e-child\" data-id=\"c9e3fe4\" data-element_type=\"container\">\n\t\t\t\t<div class=\"elementor-element elementor-element-6732c5d elementor-hidden-mobile elementor-widget elementor-widget-image\" data-id=\"6732c5d\" data-element_type=\"widget\" data-widget_type=\"image.default\">\n\t\t\t\t\t\t\t\t\t\t\t\t\t\t\t<img decoding=\"async\" src=\"https:\/\/anka.farm\/wp-content\/uploads\/elementor\/thumbs\/restoran2a-e1764084074521-rf8cqs8j2rf2d4gwsdopjvsfz9u02019q7u13366q4.jpeg\" title=\"restaurant2a\" alt=\"restoran2a\" loading=\"lazy\" \/>\t\t\t\t\t\t\t\t\t\t\t\t\t\t\t<\/div>\n\t\t\t\t<\/div>\n\t\t<div class=\"elementor-element elementor-element-f824a64 e-con-full e-flex ecomus-responsive-column ecomus-tablet-column--default ecomus-responsive-column ecomus-mobile-column--default ecomus-responsive-column ecomus-motion--var(--position) e-con e-child\" data-id=\"f824a64\" data-element_type=\"container\">\n\t\t\t\t<div class=\"elementor-element elementor-element-d5bf08e elementor-widget elementor-widget-text-editor\" data-id=\"d5bf08e\" data-element_type=\"widget\" data-widget_type=\"text-editor.default\">\n\t\t\t\t\t\t\t\t\t<h6><b>A Living Center in the Shade of Olive Trees: Anka Olive<\/b><\/h6><p data-path-to-node=\"6\">You are invited to an experience that will nourish not only your stomach but also your soul among the centuries-old olive trees in Pelitk\u00f6y, the oxygen reservoir of Burhaniye, Bal\u0131kesir. Anka Farm, with its modern stone architecture, natural flavors, <b>zoo<\/b> and a delightful escape for the whole family with its large play areas.<\/p><h6><b>Our Concept &amp; Our Difference<\/b><\/h6><p data-path-to-node=\"9\"><b>\ud83c\udf31 From Our Own Olive Grove to Your Table<\/b> Our olives and olive oil, the centerpieces of our breakfasts and meals, come directly from Anka KLC Olive Gardens, our own production. You can consume the &quot;liquid gold&quot; on your table with confidence, knowing its source.<\/p><p data-path-to-node=\"10\"><b>\ud83d\udc30 Zoo &amp; Playground<\/b> Anka Farm is not an ordinary restaurant for children, it is a world to be discovered!<\/p><ul data-path-to-node=\"11\"><li><p data-path-to-node=\"11,0,0\"><b>Zoo:<\/b> Our little guests can meet our lovely friends at the zoo in our facility and experience the love of nature and animals firsthand.<\/p><\/li><li><p data-path-to-node=\"11,1,0\"><b>Playground:<\/b> While your children burn off some energy in our large, safe, grassy playground, you can sip your coffee in peace under the shade of the olive trees.<\/p><\/li><\/ul><p data-path-to-node=\"12\"><b>\ud83e\uddc0 Selected Natural Flavors<\/b> We embrace the principle of &quot;Selected Naturalness&quot; in all our breakfast dishes, with the exception of our olive products. Natural, additive-free cheeses, jams, and delicatessen products sourced from local producers are blended with Anka Farm quality.<\/p>\t\t\t\t\t\t\t\t<\/div>\n\t\t\t\t<\/div>\n\t\t\t\t<\/div>\n\t\t\t\t<div class=\"elementor-element elementor-element-3257870 elementor-widget-divider--view-line elementor-widget elementor-widget-divider\" data-id=\"3257870\" data-element_type=\"widget\" data-widget_type=\"divider.default\">\n\t\t\t\t\t\t\t<div class=\"elementor-divider\">\n\t\t\t<span class=\"elementor-divider-separator\">\n\t\t\t\t\t\t<\/span>\n\t\t<\/div>\n\t\t\t\t\t\t<\/div>\n\t\t<div class=\"elementor-element elementor-element-75a01f5 e-con-full e-flex ecomus-responsive-column ecomus-tablet-column--default ecomus-responsive-column ecomus-mobile-column--default ecomus-responsive-column ecomus-motion--var(--position) e-con e-child\" data-id=\"75a01f5\" data-element_type=\"container\">\n\t\t<div class=\"elementor-element elementor-element-1b79913 e-con-full e-flex ecomus-responsive-column ecomus-tablet-column--default ecomus-responsive-column ecomus-mobile-column--default ecomus-responsive-column ecomus-motion--var(--position) e-con e-child\" data-id=\"1b79913\" data-element_type=\"container\">\n\t\t\t\t<div class=\"elementor-element elementor-element-ade5e95 elementor-widget elementor-widget-text-editor\" data-id=\"ade5e95\" data-element_type=\"widget\" data-widget_type=\"text-editor.default\">\n\t\t\t\t\t\t\t\t\t<h6><b>Our Flavor Options<\/b><b style=\"font-size: 1.25rem;\"><br \/><\/b><\/h6><h6><b style=\"font-size: 1.25rem;\">\ud83c\udf73 Legendary Mixed Breakfast<\/b><b><br \/><\/b><span style=\"color: #7a7a7a; font-family: inherit; font-size: 0.875rem;\">The Aegean spirit of beginning the day happily A rich table set with our own harvest of black and green olives, our natural extra virgin olive oil, 5 types of homemade jam, Ezine cheese, hot pastries and copper fried eggs.<\/span><\/h6><p data-path-to-node=\"17\">\u00a0<\/p><h6><b>\ud83c\udf57 Any Time of Day: Gourmet Chicken Platters<br \/><\/b><span style=\"color: #7a7a7a; font-family: inherit; font-size: 0.875rem;\">Our special chicken sauce menus for lunch and dinner are ideal for those seeking a satisfying and delicious meal. From barbecue and curry sauces to special spices and schnitzel, we offer a variety of options to suit your taste buds.<\/span><\/h6>\t\t\t\t\t\t\t\t<\/div>\n\t\t\t\t<\/div>\n\t\t<div class=\"elementor-element elementor-element-acbc488 e-con-full e-flex ecomus-responsive-column ecomus-tablet-column--default ecomus-responsive-column ecomus-mobile-column--default ecomus-responsive-column ecomus-motion--var(--position) e-con e-child\" data-id=\"acbc488\" data-element_type=\"container\">\n\t\t\t\t<div class=\"elementor-element elementor-element-627a512 elementor-widget elementor-widget-image\" data-id=\"627a512\" data-element_type=\"widget\" data-widget_type=\"image.default\">\n\t\t\t\t\t\t\t\t\t\t\t\t\t\t\t<img fetchpriority=\"high\" decoding=\"async\" width=\"1024\" height=\"472\" src=\"https:\/\/anka.farm\/wp-content\/uploads\/2025\/11\/WhatsApp-Image-2025-11-19-at-15.20.31-1024x472.jpeg\" class=\"attachment-large size-large wp-image-7908\" alt=\"\" srcset=\"https:\/\/anka.farm\/wp-content\/uploads\/2025\/11\/WhatsApp-Image-2025-11-19-at-15.20.31-1024x472.jpeg 1024w, https:\/\/anka.farm\/wp-content\/uploads\/2025\/11\/WhatsApp-Image-2025-11-19-at-15.20.31-768x354.jpeg 768w, https:\/\/anka.farm\/wp-content\/uploads\/2025\/11\/WhatsApp-Image-2025-11-19-at-15.20.31-1536x708.jpeg 1536w\" sizes=\"(max-width: 1024px) 100vw, 1024px\" \/>\t\t\t\t\t\t\t\t\t\t\t\t\t\t\t<\/div>\n\t\t\t\t<\/div>\n\t\t\t\t<\/div>\n\t\t\t\t<div class=\"elementor-element elementor-element-e4a7949 elementor-widget-divider--view-line elementor-widget elementor-widget-divider\" data-id=\"e4a7949\" data-element_type=\"widget\" data-widget_type=\"divider.default\">\n\t\t\t\t\t\t\t<div class=\"elementor-divider\">\n\t\t\t<span class=\"elementor-divider-separator\">\n\t\t\t\t\t\t<\/span>\n\t\t<\/div>\n\t\t\t\t\t\t<\/div>\n\t\t<div class=\"elementor-element elementor-element-07af993 e-con-full e-flex ecomus-responsive-column ecomus-tablet-column--default ecomus-responsive-column ecomus-mobile-column--default ecomus-responsive-column ecomus-motion--var(--position) e-con e-child\" data-id=\"07af993\" data-element_type=\"container\">\n\t\t<div class=\"elementor-element elementor-element-39910e7 e-con-full e-flex ecomus-responsive-column ecomus-tablet-column--default ecomus-responsive-column ecomus-mobile-column--default ecomus-responsive-column ecomus-motion--var(--position) e-con e-child\" data-id=\"39910e7\" data-element_type=\"container\">\n\t\t\t\t<div class=\"elementor-element elementor-element-795dfe8 elementor-hidden-mobile elementor-widget elementor-widget-image\" data-id=\"795dfe8\" data-element_type=\"widget\" data-widget_type=\"image.default\">\n\t\t\t\t\t\t\t\t\t\t\t\t\t\t\t<img decoding=\"async\" src=\"https:\/\/anka.farm\/wp-content\/uploads\/elementor\/thumbs\/serpme-rf8et82ebfbjtecb4222iljlksxgn2k0anrcayssqm.jpeg\" title=\"spreading\" alt=\"serpme\" loading=\"lazy\" \/>\t\t\t\t\t\t\t\t\t\t\t\t\t\t\t<\/div>\n\t\t\t\t<\/div>\n\t\t<div class=\"elementor-element elementor-element-29d9bcd e-con-full e-flex ecomus-responsive-column ecomus-tablet-column--default ecomus-responsive-column ecomus-mobile-column--default ecomus-responsive-column ecomus-motion--var(--position) e-con e-child\" data-id=\"29d9bcd\" data-element_type=\"container\">\n\t\t\t\t<div class=\"elementor-element elementor-element-423fc22 elementor-widget elementor-widget-text-editor\" data-id=\"423fc22\" data-element_type=\"widget\" data-widget_type=\"text-editor.default\">\n\t\t\t\t\t\t\t\t\t<h6><strong>Digital<\/strong><b> Menu &amp; Price List<\/b><\/h6><p data-path-to-node=\"21\"><b>BREAKFAST MENU<\/b><\/p><ul data-path-to-node=\"22\"><li><p data-path-to-node=\"22,0,0\"><b>Single Serving Breakfast:<\/b> 400 TL<\/p><\/li><li><p data-path-to-node=\"22,1,0\"><b>Fried Eggs:<\/b> 300 TL<\/p><\/li><li><p data-path-to-node=\"22,2,0\"><b>Eggs with Sausage:<\/b> 150 TL<\/p><\/li><li><p data-path-to-node=\"22,3,0\"><b>Menemen:<\/b> 120 TL<\/p><\/li><li><p data-path-to-node=\"22,4,0\"><b>Cigar Pastry:<\/b> 100 TL<\/p><\/li><\/ul><p data-path-to-node=\"23\"><b>MAIN COURSES (Chicken World)<\/b><\/p><ul data-path-to-node=\"24\"><li><p data-path-to-node=\"24,0,0\"><b>Chicken Plate Varieties:<\/b> 200 TL <i>(Barbecue, Gourmet, Curry, Schnitzel, Thyme, Hot Sauce, Breaded Sauce)<\/i><\/p><\/li><li><p data-path-to-node=\"24,1,0\"><b>Fried Gourmet Chicken:<\/b> 150 TL<\/p><\/li><\/ul><p data-path-to-node=\"25\"><b>QUICK SNACKS &amp; TOASTS<\/b><\/p><ul data-path-to-node=\"26\"><li><p data-path-to-node=\"26,0,0\"><b>Ayval\u0131k Toast:<\/b> 150 TL<\/p><\/li><li><p data-path-to-node=\"26,1,0\"><b>Cheese-Sucuk Toast:<\/b> 150 TL<\/p><\/li><li><p data-path-to-node=\"26,2,0\"><b>Chips:<\/b> 120 TL<\/p><\/li><\/ul><p data-path-to-node=\"27\"><b>BEVERAGES<\/b><\/p><ul data-path-to-node=\"28\"><li><p data-path-to-node=\"28,0,0\"><b>Tea:<\/b> 30 TL<\/p><\/li><li><p data-path-to-node=\"28,1,0\"><b>Turkish Coffee:<\/b> 60 TL<\/p><\/li><li><p data-path-to-node=\"28,2,0\"><b>Coffee Types (Latte, Espresso, Americano):<\/b> 80 TL<\/p><\/li><li><p data-path-to-node=\"28,3,0\"><b>Cold Drinks:<\/b> Between 30 TL and 50 TL<\/p><\/li><\/ul>\t\t\t\t\t\t\t\t<\/div>\n\t\t\t\t<\/div>\n\t\t\t\t<\/div>\n\t\t\t\t<div class=\"elementor-element elementor-element-7ea1a78 elementor-widget-divider--view-line elementor-widget elementor-widget-divider\" data-id=\"7ea1a78\" data-element_type=\"widget\" data-widget_type=\"divider.default\">\n\t\t\t\t\t\t\t<div class=\"elementor-divider\">\n\t\t\t<span class=\"elementor-divider-separator\">\n\t\t\t\t\t\t<\/span>\n\t\t<\/div>\n\t\t\t\t\t\t<\/div>\n\t\t<div class=\"elementor-element elementor-element-1260cf1 e-con-full e-flex ecomus-responsive-column ecomus-tablet-column--default ecomus-responsive-column ecomus-mobile-column--default ecomus-responsive-column ecomus-motion--var(--position) e-con e-child\" data-id=\"1260cf1\" data-element_type=\"container\">\n\t\t<div class=\"elementor-element elementor-element-69459c1 e-con-full e-flex ecomus-responsive-column ecomus-tablet-column--default ecomus-responsive-column ecomus-mobile-column--default ecomus-responsive-column ecomus-motion--var(--position) e-con e-child\" data-id=\"69459c1\" data-element_type=\"container\">\n\t\t\t\t<div class=\"elementor-element elementor-element-40b55e7 elementor-widget elementor-widget-text-editor\" data-id=\"40b55e7\" data-element_type=\"widget\" data-widget_type=\"text-editor.default\">\n\t\t\t\t\t\t\t\t\t<h6><b>Frequently Asked Questions (FAQ)<\/b><\/h6><p>\u00a0<\/p><ul data-path-to-node=\"31\"><li><p data-path-to-node=\"31,0,0\"><b>Do you have an activity area for children?<\/b> Yes! A children&#039;s favorite in our facility <b>zoo<\/b> and there is a large playground.<\/p><\/li><li><p data-path-to-node=\"31,1,0\"><b>Do you have a parking lot?<\/b> Yes, we have a large and free parking area on site.<\/p><\/li><li><p data-path-to-node=\"31,2,0\"><b>Can we purchase products?<\/b> Of course. You can purchase the olives and olive oils you taste in our restaurant from our on-site factory sales store.<\/p><\/li><\/ul>\t\t\t\t\t\t\t\t<\/div>\n\t\t\t\t<\/div>\n\t\t<div class=\"elementor-element elementor-element-6d89468 e-con-full e-flex ecomus-responsive-column ecomus-tablet-column--default ecomus-responsive-column ecomus-mobile-column--default ecomus-responsive-column ecomus-motion--var(--position) e-con e-child\" data-id=\"6d89468\" data-element_type=\"container\">\n\t\t\t\t<div class=\"elementor-element elementor-element-564298f elementor-widget elementor-widget-image\" data-id=\"564298f\" data-element_type=\"widget\" data-widget_type=\"image.default\">\n\t\t\t\t\t\t\t\t\t\t\t\t\t\t\t<img decoding=\"async\" width=\"472\" height=\"1024\" src=\"https:\/\/anka.farm\/wp-content\/uploads\/2025\/11\/WhatsApp-Image-2025-11-19-at-16.10.07-472x1024.jpeg\" class=\"attachment-large size-large wp-image-7911\" alt=\"\" srcset=\"https:\/\/anka.farm\/wp-content\/uploads\/2025\/11\/WhatsApp-Image-2025-11-19-at-16.10.07-472x1024.jpeg 472w, https:\/\/anka.farm\/wp-content\/uploads\/2025\/11\/WhatsApp-Image-2025-11-19-at-16.10.07-138x300.jpeg 138w, https:\/\/anka.farm\/wp-content\/uploads\/2025\/11\/WhatsApp-Image-2025-11-19-at-16.10.07-708x1536.jpeg 708w, https:\/\/anka.farm\/wp-content\/uploads\/2025\/11\/WhatsApp-Image-2025-11-19-at-16.10.07-6x12.jpeg 6w, https:\/\/anka.farm\/wp-content\/uploads\/2025\/11\/WhatsApp-Image-2025-11-19-at-16.10.07-700x1518.jpeg 700w, https:\/\/anka.farm\/wp-content\/uploads\/2025\/11\/WhatsApp-Image-2025-11-19-at-16.10.07-130x282.jpeg 130w, https:\/\/anka.farm\/wp-content\/uploads\/2025\/11\/WhatsApp-Image-2025-11-19-at-16.10.07.jpeg 738w\" sizes=\"(max-width: 472px) 100vw, 472px\" \/>\t\t\t\t\t\t\t\t\t\t\t\t\t\t\t<\/div>\n\t\t\t\t<\/div>\n\t\t\t\t<\/div>\n\t\t\t\t\t<\/div>\n\t\t\t\t<\/div>\n\t\t\t\t<\/div>","protected":false},"excerpt":{"rendered":"<p>Restoran\u0131m\u0131z Zeytin A\u011fa\u00e7lar\u0131n\u0131n G\u00f6lgesinde Bir Ya\u015fam Merkezi: Anka Olive Bal\u0131kesir Burhaniye\u2019nin oksijen deposu Pelitk\u00f6y\u2019de, as\u0131rl\u0131k zeytin a\u011fa\u00e7lar\u0131 aras\u0131nda sadece karn\u0131n\u0131z\u0131 de\u011fil, ruhunuzu da doyuracak bir deneyime davetlisiniz. Anka Farm; modern ta\u015f mimarisi, do\u011fal lezzetleri, hayvanat bah\u00e7esi ve geni\u015f oyun alanlar\u0131yla t\u00fcm aile i\u00e7in keyifli bir ka\u00e7\u0131\u015f noktas\u0131. Konseptimiz &amp; Fark\u0131m\u0131z \ud83c\udf31 Kendi Zeytinli\u011fimizden Sofran\u0131za Kahvalt\u0131lar\u0131m\u0131z\u0131n [&hellip;]<\/p>","protected":false},"author":1,"featured_media":0,"parent":0,"menu_order":0,"comment_status":"closed","ping_status":"closed","template":"","meta":{"footnotes":""},"class_list":["post-427","page","type-page","status-publish","hentry"],"_links":{"self":[{"href":"https:\/\/anka.farm\/en\/wp-json\/wp\/v2\/pages\/427","targetHints":{"allow":["GET"]}}],"collection":[{"href":"https:\/\/anka.farm\/en\/wp-json\/wp\/v2\/pages"}],"about":[{"href":"https:\/\/anka.farm\/en\/wp-json\/wp\/v2\/types\/page"}],"author":[{"embeddable":true,"href":"https:\/\/anka.farm\/en\/wp-json\/wp\/v2\/users\/1"}],"replies":[{"embeddable":true,"href":"https:\/\/anka.farm\/en\/wp-json\/wp\/v2\/comments?post=427"}],"version-history":[{"count":16,"href":"https:\/\/anka.farm\/en\/wp-json\/wp\/v2\/pages\/427\/revisions"}],"predecessor-version":[{"id":7925,"href":"https:\/\/anka.farm\/en\/wp-json\/wp\/v2\/pages\/427\/revisions\/7925"}],"wp:attachment":[{"href":"https:\/\/anka.farm\/en\/wp-json\/wp\/v2\/media?parent=427"}],"curies":[{"name":"wp","href":"https:\/\/api.w.org\/{rel}","templated":true}]}}