{"id":7799,"date":"2025-11-19T10:38:54","date_gmt":"2025-11-19T07:38:54","guid":{"rendered":"https:\/\/anka.farm\/?page_id=7799"},"modified":"2025-11-19T10:39:05","modified_gmt":"2025-11-19T07:39:05","slug":"on-bilgilendirme-formu","status":"publish","type":"page","link":"https:\/\/anka.farm\/en\/on-bilgilendirme-formu\/","title":{"rendered":"Preliminary Information Form"},"content":{"rendered":"<div data-elementor-type=\"wp-page\" data-elementor-id=\"7799\" class=\"elementor elementor-7799\">\n\t\t\t\t<div class=\"elementor-element elementor-element-f5b7398 e-flex e-con-boxed ecomus-responsive-column ecomus-tablet-column--default ecomus-responsive-column ecomus-mobile-column--default ecomus-responsive-column ecomus-motion--var(--position) e-con e-parent\" data-id=\"f5b7398\" data-element_type=\"container\">\n\t\t\t\t\t<div class=\"e-con-inner\">\n\t\t\t\t<div class=\"elementor-element elementor-element-1000574 elementor-widget elementor-widget-text-editor\" data-id=\"1000574\" data-element_type=\"widget\" data-widget_type=\"text-editor.default\">\n\t\t\t\t\t\t\t\t\t<p data-start=\"334\" data-end=\"562\"><strong data-start=\"334\" data-end=\"365\">This Preliminary Information Form<\/strong>, Law No. 6502 on Consumer Protection and <strong data-start=\"419\" data-end=\"455\">Distance Contracts Regulation<\/strong> has been regulated in accordance with the provisions of, <a class=\"decorated-link\" href=\"https:\/\/anka.farm\/en\/\" target=\"_new\" rel=\"noopener\" data-start=\"498\" data-end=\"515\">https:\/\/anka.farm<\/a> Valid for all sales made through.<\/p>\n<hr data-start=\"564\" data-end=\"567\">\n<h6><strong data-start=\"571\" data-end=\"594\">1. SELLER INFORMATION<\/strong><\/h6>\n<p data-start=\"596\" data-end=\"764\"><strong data-start=\"596\" data-end=\"606\">Title:<\/strong> ANKA KLC AUTOMOTIVE TECHNICAL CONSTRUCTION AGRICULTURE LTD.<br data-start=\"650\" data-end=\"653\"><strong data-start=\"653\" data-end=\"703\">Official Address (Notification \/ Trade Registry Address):<\/strong><br data-start=\"703\" data-end=\"706\">Esentepe Neighborhood, Harman Street, No:5\/A, Gulf, KOCAELI \u2013 T\u00fcrkiye<\/p>\n<p data-start=\"766\" data-end=\"930\"><strong data-start=\"766\" data-end=\"799\">Phone (Customer Service):<\/strong> 0 542 428 10 41<br data-start=\"815\" data-end=\"818\"><strong data-start=\"818\" data-end=\"839\">Working Hours:<\/strong> Weekdays 09:00 \u2013 18:00<br data-start=\"862\" data-end=\"865\"><strong data-start=\"865\" data-end=\"877\">Email:<\/strong> <a class=\"decorated-link cursor-pointer\" rel=\"noopener\" data-start=\"878\" data-end=\"892\">info@anka.farm<\/a><br data-start=\"892\" data-end=\"895\"><strong data-start=\"895\" data-end=\"910\">Web Address:<\/strong> <a class=\"decorated-link\" href=\"https:\/\/anka.farm\/en\/\" target=\"_new\" rel=\"noopener\" data-start=\"911\" data-end=\"928\">https:\/\/anka.farm<\/a><\/p>\n<p data-start=\"932\" data-end=\"1087\"><strong data-start=\"932\" data-end=\"946\">Central Registry Number:<\/strong> 0948045251700018<br data-start=\"963\" data-end=\"966\"><strong data-start=\"966\" data-end=\"987\">Trade Registry Number:<\/strong> GULF 3639<br data-start=\"999\" data-end=\"1002\"><strong data-start=\"1002\" data-end=\"1020\">Tax Office:<\/strong> Bay<br data-start=\"1027\" data-end=\"1030\"><strong data-start=\"1030\" data-end=\"1043\">Tax Number:<\/strong> 9480452517<\/p>\n<p data-start=\"932\" data-end=\"1087\"><strong data-start=\"1089\" data-end=\"1115\" style=\"font-family: inherit; font-size: 0.875rem;\">Return &amp; Exchange Address:<br><\/strong><span style=\"font-family: inherit; font-size: 0.875rem;\">Pelitkoy Gazi Mustafa Kemal Street No: 159 Burhaniye \/ Balikesir<\/span><\/p>\n<hr data-start=\"1183\" data-end=\"1186\">\n<h6><strong data-start=\"1190\" data-end=\"1212\">2. BUYER INFORMATION<\/strong><\/h6>\n<p data-start=\"1214\" data-end=\"1362\"><a class=\"decorated-link\" href=\"https:\/\/anka.farm\/en\/\" target=\"_new\" rel=\"noopener\" data-start=\"1214\" data-end=\"1231\">https:\/\/anka.farm<\/a> A person who is a member of the website or makes purchases as a guest.<br data-start=\"1295\" data-end=\"1298\">The information provided when registering \/ placing an order is taken into account.<\/p>\n<hr data-start=\"1364\" data-end=\"1367\">\n<h6><strong data-start=\"1371\" data-end=\"1414\">3. BASIC PRODUCT CHARACTERISTICS AND PRICE<\/strong><\/h6>\n<p data-start=\"1416\" data-end=\"1541\">All basic features, descriptions, usage features and technical details of the products <strong data-start=\"1504\" data-end=\"1525\">on product pages<\/strong> is located.<\/p>\n<p data-start=\"1543\" data-end=\"1665\">All prices stated on the site <strong data-start=\"1574\" data-end=\"1587\">VAT included<\/strong> are sales prices.<br data-start=\"1607\" data-end=\"1610\">Campaign prices are valid throughout the campaign period.<\/p>\n<p data-start=\"1667\" data-end=\"1705\">Shown on the order summary page;<\/p>\n<ul data-start=\"1706\" data-end=\"1783\">\n<li data-start=\"1706\" data-end=\"1721\">\n<p data-start=\"1708\" data-end=\"1721\">Product price<\/p>\n<\/li>\n<li data-start=\"1722\" data-end=\"1734\">\n<p data-start=\"1724\" data-end=\"1734\">Taxes<\/p>\n<\/li>\n<li data-start=\"1735\" data-end=\"1757\">\n<p data-start=\"1737\" data-end=\"1757\">Shipping costs, if any<\/p>\n<\/li>\n<li data-start=\"1758\" data-end=\"1783\">\n<p data-start=\"1760\" data-end=\"1783\">Total amount to be paid<\/p>\n<\/li>\n<\/ul>\n<p data-start=\"1785\" data-end=\"1836\">It is seen by the BUYER before the order is confirmed.<\/p>\n<hr data-start=\"1838\" data-end=\"1841\">\n<h6><strong data-start=\"1845\" data-end=\"1867\">4. PAYMENT INFORMATION<\/strong><\/h6>\n<p data-start=\"1869\" data-end=\"1978\">Payment methods include credit card, debit card, money order\/EFT and other payment infrastructures active on the site.<\/p>\n<p data-start=\"1980\" data-end=\"2023\">The order will not be processed until payment is completed.<\/p>\n<hr data-start=\"2025\" data-end=\"2028\">\n<h6><strong data-start=\"2032\" data-end=\"2057\">5. DELIVERY INFORMATION<\/strong><\/h6>\n<p data-start=\"2059\" data-end=\"2194\">The ordered product will be delivered to the BUYER&#039;s delivery address within the time period specified on the product page. <strong data-start=\"2155\" data-end=\"2179\">within 30 days at the latest<\/strong> is delivered.<\/p>\n<p data-start=\"2196\" data-end=\"2337\">Shipping costs (if any) are stated at the time of ordering.<br data-start=\"2246\" data-end=\"2249\">Delays of the cargo company not caused by the BUYER are not the responsibility of the SELLER.<\/p>\n<p data-start=\"2339\" data-end=\"2541\">At the time of delivery, BUYER, <strong data-start=\"2360\" data-end=\"2406\">is responsible for checking the cargo package.<\/strong><br data-start=\"2406\" data-end=\"2409\">Packages that appear damaged <strong data-start=\"2434\" data-end=\"2477\">should not be received without keeping a record<\/strong>.<br data-start=\"2478\" data-end=\"2481\">If the damaged product is returned with a report, a new product will be sent.<\/p>\n<hr data-start=\"2543\" data-end=\"2546\">\n<h6><strong data-start=\"2550\" data-end=\"2568\">6. RIGHT OF WITHDRAWAL<\/strong><\/h6>\n<p data-start=\"2570\" data-end=\"2697\">BUYER; from the date of receiving the product <strong data-start=\"2615\" data-end=\"2632\">Within 14 days<\/strong>, may exercise the right of withdrawal without giving any reason.<\/p>\n<p data-start=\"2699\" data-end=\"2742\">Products for which the right of withdrawal cannot be exercised:<\/p>\n<ul data-start=\"2743\" data-end=\"2976\">\n<li data-start=\"2743\" data-end=\"2805\">\n<p data-start=\"2745\" data-end=\"2805\">Special products prepared in line with the BUYER&#039;s requests<\/p>\n<\/li>\n<li data-start=\"2806\" data-end=\"2872\">\n<p data-start=\"2808\" data-end=\"2872\">Opened food products (olives, olive oil, vinegar, etc.)<\/p>\n<\/li>\n<li data-start=\"2873\" data-end=\"2939\">\n<p data-start=\"2875\" data-end=\"2939\">Opened cosmetic\/hygiene products (soap, cologne, etc.)<\/p>\n<\/li>\n<li data-start=\"2940\" data-end=\"2976\">\n<p data-start=\"2942\" data-end=\"2976\">Products at risk of rapid deterioration<\/p>\n<\/li>\n<\/ul>\n<p data-start=\"2978\" data-end=\"3096\">Use of the right of withdrawal, return conditions and process details <strong data-start=\"3037\" data-end=\"3066\">Distance Sales Agreement<\/strong> is also stated in the .<\/p>\n<hr data-start=\"3098\" data-end=\"3101\">\n<h6><strong data-start=\"3105\" data-end=\"3126\">7. RETURN CONDITIONS<\/strong><\/h6>\n<p data-start=\"3128\" data-end=\"3179\">During the return process, products are sent to the following address:<\/p>\n<p data-start=\"3181\" data-end=\"3263\"><strong data-start=\"3181\" data-end=\"3197\">Return Address:<\/strong><br data-start=\"3197\" data-end=\"3200\">Pelitkoy Gazi Mustafa Kemal Street No: 159 Burhaniye \/ Balikesir<\/p>\n<p data-start=\"3265\" data-end=\"3498\">Return shipping costs may vary depending on the scope of the right of withdrawal.<br data-start=\"3323\" data-end=\"3326\">After the product reaches the SELLER, the price <strong data-start=\"3365\" data-end=\"3389\">within 10 days at the latest<\/strong> It is returned to the BUYER.<br data-start=\"3411\" data-end=\"3414\">Credit card refunds may take up to 2-3 weeks to be reflected in your account, depending on the bank.<\/p>\n<hr data-start=\"3500\" data-end=\"3503\">\n<h6><strong data-start=\"3507\" data-end=\"3551\">8. BANK PROCEDURES FOR DELIVERY AND RETURN<\/strong><\/h6>\n<p data-start=\"3553\" data-end=\"3685\">For card payments, refunds will be made to the same card.<br data-start=\"3596\" data-end=\"3599\">The bank&#039;s refund period depends entirely on the bank and the SELLER cannot intervene.<\/p>\n<hr data-start=\"3687\" data-end=\"3690\">\n<h6><strong data-start=\"3694\" data-end=\"3728\">9. COMPLAINT AND APPEAL BODIES<\/strong><\/h6>\n<p data-start=\"3730\" data-end=\"3836\">BUYER may submit his complaints through SELLER&#039;s customer service channels.<br data-start=\"3806\" data-end=\"3809\">In case of dispute, BUYER;<\/p>\n<ul data-start=\"3837\" data-end=\"3900\">\n<li data-start=\"3837\" data-end=\"3867\">\n<p data-start=\"3839\" data-end=\"3867\">At the place of residence or<\/p>\n<\/li>\n<li data-start=\"3868\" data-end=\"3900\">\n<p data-start=\"3870\" data-end=\"3900\">At the SELLER&#039;s location<\/p>\n<\/li>\n<\/ul>\n<p data-start=\"3902\" data-end=\"3976\"><strong data-start=\"3902\" data-end=\"3930\">Consumer Arbitration Committees<\/strong> or <strong data-start=\"3936\" data-end=\"3960\">Consumer Courts<\/strong>what can apply.<\/p>\n<hr data-start=\"3978\" data-end=\"3981\">\n<h6><strong data-start=\"3985\" data-end=\"4001\">10. ENFORCEMENT<\/strong><\/h6>\n<p data-start=\"4003\" data-end=\"4145\">BUYER, by approving this Preliminary Information Form electronically;<br data-start=\"4070\" data-end=\"4073\">declares that he\/she has read, understood and accepted the content of the form.<\/p>\t\t\t\t\t\t\t\t<\/div>\n\t\t\t\t\t<\/div>\n\t\t\t\t<\/div>\n\t\t\t\t<\/div>","protected":false},"excerpt":{"rendered":"<p>\u0130\u015fbu \u00d6n Bilgilendirme Formu, 6502 say\u0131l\u0131 T\u00fcketicinin Korunmas\u0131 Hakk\u0131nda Kanun ve Mesafeli S\u00f6zle\u015fmeler Y\u00f6netmeli\u011fi h\u00fck\u00fcmleri do\u011frultusunda d\u00fczenlenmi\u015f olup, https:\/\/anka.farm \u00fczerinden yap\u0131lacak t\u00fcm sat\u0131\u015flarda ge\u00e7erlidir. 1. SATICI B\u0130LG\u0130LER\u0130 Unvan: ANKA KLC OTOMOT\u0130V TEKN\u0130K YAPI TARIM LTD \u015eT\u0130Resm\u00ee Adres (Tebligat \/ Ticaret Sicil Adresi):Esentepe Mah. Harman Sk. No:5\/A K\u00f6rfez KOCAEL\u0130 \u2013 T\u00dcRK\u0130YE Telefon (M\u00fc\u015fteri Hizmetleri): 0 542 [&hellip;]<\/p>","protected":false},"author":1,"featured_media":0,"parent":0,"menu_order":0,"comment_status":"closed","ping_status":"closed","template":"","meta":{"footnotes":""},"class_list":["post-7799","page","type-page","status-publish","hentry"],"_links":{"self":[{"href":"https:\/\/anka.farm\/en\/wp-json\/wp\/v2\/pages\/7799","targetHints":{"allow":["GET"]}}],"collection":[{"href":"https:\/\/anka.farm\/en\/wp-json\/wp\/v2\/pages"}],"about":[{"href":"https:\/\/anka.farm\/en\/wp-json\/wp\/v2\/types\/page"}],"author":[{"embeddable":true,"href":"https:\/\/anka.farm\/en\/wp-json\/wp\/v2\/users\/1"}],"replies":[{"embeddable":true,"href":"https:\/\/anka.farm\/en\/wp-json\/wp\/v2\/comments?post=7799"}],"version-history":[{"count":5,"href":"https:\/\/anka.farm\/en\/wp-json\/wp\/v2\/pages\/7799\/revisions"}],"predecessor-version":[{"id":7804,"href":"https:\/\/anka.farm\/en\/wp-json\/wp\/v2\/pages\/7799\/revisions\/7804"}],"wp:attachment":[{"href":"https:\/\/anka.farm\/en\/wp-json\/wp\/v2\/media?parent=7799"}],"curies":[{"name":"wp","href":"https:\/\/api.w.org\/{rel}","templated":true}]}}