{"id":7805,"date":"2025-11-20T00:11:00","date_gmt":"2025-11-19T21:11:00","guid":{"rendered":"https:\/\/anka.farm\/?page_id=7805"},"modified":"2025-11-20T00:45:06","modified_gmt":"2025-11-19T21:45:06","slug":"mesafeli-satis-sozlesmesi","status":"publish","type":"page","link":"https:\/\/anka.farm\/en\/mesafeli-satis-sozlesmesi\/","title":{"rendered":"Distance Sales Agreement"},"content":{"rendered":"<div data-elementor-type=\"wp-page\" data-elementor-id=\"7805\" class=\"elementor elementor-7805\">\n\t\t\t\t<div class=\"elementor-element elementor-element-c4a0a16 e-flex e-con-boxed ecomus-responsive-column ecomus-tablet-column--default ecomus-responsive-column ecomus-mobile-column--default ecomus-responsive-column ecomus-motion--var(--position) e-con e-parent\" data-id=\"c4a0a16\" data-element_type=\"container\">\n\t\t\t\t\t<div class=\"e-con-inner\">\n\t\t\t\t<div class=\"elementor-element elementor-element-f4586fc elementor-widget elementor-widget-text-editor\" data-id=\"f4586fc\" data-element_type=\"widget\" data-widget_type=\"text-editor.default\">\n\t\t\t\t\t\t\t\t\t<p data-start=\"344\" data-end=\"509\"><strong data-start=\"344\" data-end=\"378\">This Distance Selling Agreement<\/strong>, Law No. 6502 on Consumer Protection and <strong data-start=\"432\" data-end=\"468\">Distance Contracts Regulation<\/strong> It has been prepared in accordance with the provisions.<\/p><p data-start=\"511\" data-end=\"611\">By electronically approving this agreement, the BUYER is deemed to have accepted all the terms and conditions of the agreement.<\/p><hr data-start=\"613\" data-end=\"616\" \/><h6><strong data-start=\"620\" data-end=\"635\">1. PARTIES<\/strong><\/h6><h6><strong data-start=\"640\" data-end=\"654\">1.1 SELLER<\/strong><\/h6><p data-start=\"655\" data-end=\"823\"><strong data-start=\"655\" data-end=\"665\">Title:<\/strong> ANKA KLC AUTOMOTIVE TECHNICAL CONSTRUCTION AGRICULTURE LTD.<br data-start=\"709\" data-end=\"712\" \/><strong data-start=\"712\" data-end=\"762\">Official Address (Commercial Registry \/ Notification Address):<\/strong><br data-start=\"762\" data-end=\"765\" \/>Esentepe Neighborhood, Harman Street, No:5\/A, Gulf, KOCAELI \u2013 T\u00fcrkiye<\/p><p data-start=\"825\" data-end=\"1047\"><strong data-start=\"825\" data-end=\"858\">Phone (Customer Service):<\/strong> 0 542 428 10 41<br data-start=\"874\" data-end=\"877\" \/><strong data-start=\"877\" data-end=\"910\">Email (Customer Service):<\/strong> <a class=\"decorated-link cursor-pointer\" rel=\"noopener\" data-start=\"911\" data-end=\"925\">info@anka.farm<\/a><br data-start=\"925\" data-end=\"928\" \/><strong data-start=\"928\" data-end=\"956\">Email (Business\/Finance):<\/strong> <a class=\"decorated-link cursor-pointer\" rel=\"noopener\" data-start=\"957\" data-end=\"971\">info@anka.farm<\/a><br data-start=\"971\" data-end=\"974\" \/><strong data-start=\"974\" data-end=\"989\">KEP Address:<\/strong> <a class=\"decorated-link cursor-pointer\" rel=\"noopener\" data-start=\"990\" data-end=\"1009\">ankaklc@hs01.kep.tr<\/a><br data-start=\"1009\" data-end=\"1012\" \/><strong data-start=\"1012\" data-end=\"1027\">Web Address:<\/strong> <a class=\"decorated-link\" href=\"https:\/\/anka.farm\/en\/\" target=\"_new\" rel=\"noopener\" data-start=\"1028\" data-end=\"1045\">https:\/\/anka.farm<\/a><\/p><p data-start=\"1049\" data-end=\"1204\"><strong data-start=\"1049\" data-end=\"1063\">Central Registry Number:<\/strong> 0948045251700018<br data-start=\"1080\" data-end=\"1083\" \/><strong data-start=\"1083\" data-end=\"1104\">Trade Registry Number:<\/strong> GULF 3639<br data-start=\"1116\" data-end=\"1119\" \/><strong data-start=\"1119\" data-end=\"1137\">Tax Office:<\/strong> Bay<br data-start=\"1144\" data-end=\"1147\" \/><strong data-start=\"1147\" data-end=\"1160\">Tax Number:<\/strong> 9480452517<br data-start=\"1171\" data-end=\"1174\" \/><strong data-start=\"1174\" data-end=\"1197\">E-Invoice \/ E-Archive:<\/strong> Yes<\/p><p data-start=\"1206\" data-end=\"1241\"><strong data-start=\"1206\" data-end=\"1227\">Authorized Representative:<\/strong> <em data-start=\"1228\" data-end=\"1241\">Peace Kilic<\/em><\/p><hr data-start=\"1243\" data-end=\"1246\" \/><h6><strong data-start=\"1251\" data-end=\"1264\">1.2 BUYER<\/strong><\/h6><p data-start=\"1265\" data-end=\"1446\"><a class=\"decorated-link\" href=\"https:\/\/anka.farm\/en\/\" target=\"_new\" rel=\"noopener\" data-start=\"1265\" data-end=\"1282\">https:\/\/anka.farm<\/a> A person who places an order, registers as a member, or conducts transactions as a guest user.<br data-start=\"1372\" data-end=\"1375\" \/>The address and contact information provided on the order screen will be considered the official address.<\/p><hr data-start=\"1448\" data-end=\"1451\" \/><h6><strong data-start=\"1455\" data-end=\"1480\">2. SUBJECT OF THE AGREEMENT<\/strong><\/h6><p data-start=\"1482\" data-end=\"1759\">The subject of this agreement is; the purchase of goods belonging to the SELLER by the BUYER. <a class=\"decorated-link\" href=\"https:\/\/anka.farm\/en\/\" target=\"_new\" rel=\"noopener\" data-start=\"1529\" data-end=\"1546\">https:\/\/anka.farm<\/a> This agreement defines the rights and obligations of the parties regarding the sale and delivery of products ordered electronically via the website, the specifications and sales price of which are stated on the website.<\/p><p data-start=\"1761\" data-end=\"1873\">The basic specifications of the products covered by this contract and the sales price, including all taxes, are stated on the product page.<\/p><hr data-start=\"1875\" data-end=\"1878\" \/><h6><strong data-start=\"1882\" data-end=\"1903\">3. PRODUCT INFORMATION<\/strong><\/h6><p data-start=\"1905\" data-end=\"2124\">The type, quantity, brand\/model, color, number of items, unit price, sales price, shipping cost, and payment information of the purchased products are shown to the BUYER before order confirmation and accepted by the BUYER who placed the order.<\/p><hr data-start=\"2126\" data-end=\"2129\" \/><h6><strong data-start=\"2133\" data-end=\"2154\">4. GENERAL PROVISIONS<\/strong><\/h6><h6><strong data-start=\"2160\" data-end=\"2167\">4.1\u00a0<\/strong><span style=\"color: #7a7a7a; font-family: inherit; font-size: 0.875rem;\">The BUYER acknowledges that they have read and understood the basic characteristics of the products offered for sale on the SELLER&#039;s website, the sales price including all taxes, payment methods, delivery conditions, and all preliminary information, and that they have confirmed this electronically.<\/span><\/h6><h6><strong data-start=\"2434\" data-end=\"2441\">4.2\u00a0<\/strong><span style=\"color: #7a7a7a; font-family: inherit; font-size: 0.875rem;\">The product subject to this contract depends on the distance of the BUYER&#039;s place of residence. <\/span><strong style=\"color: #7a7a7a; font-family: inherit; font-size: 0.875rem;\" data-start=\"2517\" data-end=\"2542\">For a period not exceeding 30 days<\/strong><span style=\"color: #7a7a7a; font-family: inherit; font-size: 0.875rem;\"> Delivered to the BUYER.<\/span><\/h6><h6><strong data-start=\"2572\" data-end=\"2579\">4.3<\/strong><span style=\"color: #7a7a7a; font-family: inherit; font-size: 0.875rem;\">The BUYER is responsible for checking the package upon delivery.\u00a0<\/span><span style=\"color: #7a7a7a; font-family: inherit; font-size: 0.875rem;\">Damaged packages should absolutely not be accepted, and a damage report should be filed with the delivery person.\u00a0<\/span><span style=\"color: #7a7a7a; font-family: inherit; font-size: 0.875rem;\">The SELLER is not responsible for any damages arising from the acceptance of the product without a delivery receipt being prepared.<\/span><\/h6><h6><strong data-start=\"2844\" data-end=\"2851\">4.4\u00a0<\/strong><span style=\"color: #7a7a7a; font-family: inherit; font-size: 0.875rem;\">The SELLER is responsible for delivering the product in good condition, complete, and conforming to the specifications stated in the order.<\/span><\/h6><h6><strong data-start=\"2973\" data-end=\"2980\">4.5\u00a0<\/strong><span style=\"color: #7a7a7a; font-family: inherit; font-size: 0.875rem;\">With the buyer&#039;s consent, the seller may supply a different product of equal quality and price.<\/span><\/h6><h6><strong data-start=\"3074\" data-end=\"3081\">4.6\u00a0<\/strong><span style=\"color: #7a7a7a; font-family: inherit; font-size: 0.875rem;\">If the product is unavailable or performance becomes impossible, the SELLER shall immediately inform the BUYER of the situation and <\/span><strong style=\"color: #7a7a7a; font-family: inherit; font-size: 0.875rem;\" data-start=\"3187\" data-end=\"3211\">within 10 days at the latest<\/strong><span style=\"color: #7a7a7a; font-family: inherit; font-size: 0.875rem;\"> The buyer will be refunded their payment.<\/span><\/h6><h6><strong data-start=\"3248\" data-end=\"3255\">4.7\u00a0<\/strong><span style=\"color: #7a7a7a; font-family: inherit; font-size: 0.875rem;\">The product will not be shipped until payment is completed using the method chosen by the BUYER.<\/span><\/h6><h6><strong data-start=\"3338\" data-end=\"3345\">4.8\u00a0<\/strong><span style=\"color: #7a7a7a; font-family: inherit; font-size: 0.875rem;\">If the product price is not paid to the SELLER due to the wrongful use of the card without the BUYER&#039;s consent after delivery, the BUYER is obliged to return the product price within 3 days. The shipping cost is the responsibility of the BUYER.<\/span><\/h6><h6><strong data-start=\"3562\" data-end=\"3569\">4.9\u00a0<\/strong><span style=\"color: #7a7a7a; font-family: inherit; font-size: 0.875rem;\">If delivery cannot be made due to force majeure, extraordinary circumstances hindering transportation, or logistical obstacles, the SELLER will inform the BUYER of the situation. The BUYER;<\/span><\/h6><ul data-start=\"3724\" data-end=\"3822\"><li data-start=\"3724\" data-end=\"3747\"><p data-start=\"3726\" data-end=\"3747\">Cancellation of the order,<\/p><\/li><li data-start=\"3748\" data-end=\"3777\"><p data-start=\"3750\" data-end=\"3777\">We will ship an equivalent product.,<\/p><\/li><li data-start=\"3778\" data-end=\"3822\"><p data-start=\"3780\" data-end=\"3822\">Delivery postponement<br data-start=\"3804\" data-end=\"3807\" \/>can request.<\/p><\/li><\/ul><p data-start=\"3824\" data-end=\"3895\">In case of cancellation, payment will be made from the date of cancellation. <strong data-start=\"3865\" data-end=\"3882\">Within 10 days<\/strong> will be returned.<\/p><hr data-start=\"3897\" data-end=\"3900\" \/><h6><strong data-start=\"3904\" data-end=\"3922\">5. RIGHT OF WITHDRAWAL<br \/><\/strong><strong data-start=\"3928\" data-end=\"3948\">5.1 Withdrawal Period<\/strong><\/h6><p data-start=\"3949\" data-end=\"4066\">The BUYER, from the date of receipt of the product <strong data-start=\"3994\" data-end=\"4011\">Within 14 days<\/strong> They can exercise their right to withdraw without giving any reason.<\/p><h6><strong data-start=\"4072\" data-end=\"4095\">5.2 Cancellation Notice<\/strong><\/h6><p data-start=\"4096\" data-end=\"4199\">The cancellation notice must be given in writing or via a durable data storage medium (email, etc.):<br data-start=\"4181\" data-end=\"4184\" \/><a class=\"decorated-link cursor-pointer\" rel=\"noopener\" data-start=\"4185\" data-end=\"4199\">info@anka.farm<\/a><\/p><h6><strong data-start=\"4205\" data-end=\"4253\">5.3 Products for Which the Right of Withdrawal Cannot Be Exercised<\/strong><\/h6><p data-start=\"4254\" data-end=\"4309\">According to regulations, the following products do not have a right of withdrawal:<\/p><ul data-start=\"4311\" data-end=\"4602\"><li data-start=\"4311\" data-end=\"4355\"><p data-start=\"4313\" data-end=\"4355\">Products manufactured specifically to the BUYER&#039;s request.<\/p><\/li><li data-start=\"4356\" data-end=\"4395\"><p data-start=\"4358\" data-end=\"4395\">Products that are likely to spoil quickly<\/p><\/li><li data-start=\"4396\" data-end=\"4462\"><p data-start=\"4398\" data-end=\"4462\">Opened food products (olives, olive oil, vinegar, etc.)<\/p><\/li><li data-start=\"4463\" data-end=\"4529\"><p data-start=\"4465\" data-end=\"4529\">Opened hygiene\/cosmetic products (soap, cologne, etc.)<\/p><\/li><li data-start=\"4530\" data-end=\"4602\"><p data-start=\"4532\" data-end=\"4602\">Disposable products, software, and digitally copyable content.<\/p><\/li><\/ul><hr data-start=\"4604\" data-end=\"4607\" \/><h6><strong data-start=\"4611\" data-end=\"4632\">6. RETURN CONDITIONS<\/strong><\/h6><h6><strong data-start=\"4638\" data-end=\"4657\">6.1 Return Address<\/strong><\/h6><p data-start=\"4660\" data-end=\"4721\">Pelitkoy Gazi Mustafa Kemal Street No: 159 Burhaniye \/ Balikesir<\/p><h6><strong data-start=\"4727\" data-end=\"4746\">6.2 Return Process<\/strong><\/h6><ul data-start=\"4747\" data-end=\"4974\"><li data-start=\"4747\" data-end=\"4819\"><p data-start=\"4749\" data-end=\"4819\">Payment after the product reaches the SELLER <strong data-start=\"4787\" data-end=\"4804\">Within 10 days<\/strong> will be returned.<\/p><\/li><li data-start=\"4820\" data-end=\"4917\"><p data-start=\"4822\" data-end=\"4917\">For card payments, it may take 2-3 weeks for the refund to appear on your card, depending on your bank.<\/p><\/li><li data-start=\"4918\" data-end=\"4974\"><p data-start=\"4920\" data-end=\"4974\">Shipping costs vary depending on the nature of the cancellation right.<\/p><\/li><\/ul><hr data-start=\"4976\" data-end=\"4979\" \/><h6><strong data-start=\"4983\" data-end=\"5009\">7. DEFAULT BY THE DEBTOR<\/strong><\/h6><p data-start=\"5011\" data-end=\"5190\">Any losses and expenses incurred by the SELLER due to the BUYER&#039;s default shall be borne by the BUYER.<br data-start=\"5116\" data-end=\"5119\" \/>If the default is due to the fault of the SELLER, the BUYER cannot be held liable.<\/p><hr data-start=\"5192\" data-end=\"5195\" \/><h6><strong data-start=\"5199\" data-end=\"5221\">8. COMPETENT COURT<\/strong><\/h6><p data-start=\"5223\" data-end=\"5247\">In case of disputes, the BUYER;<\/p><ul data-start=\"5248\" data-end=\"5315\"><li data-start=\"5248\" data-end=\"5277\"><p data-start=\"5250\" data-end=\"5277\">in its own settlement,<\/p><\/li><li data-start=\"5278\" data-end=\"5315\"><p data-start=\"5280\" data-end=\"5315\">or at the SELLER&#039;s location<\/p><\/li><\/ul><p data-start=\"5317\" data-end=\"5391\"><strong data-start=\"5317\" data-end=\"5345\">Consumer Arbitration Committees<\/strong> or <strong data-start=\"5351\" data-end=\"5375\">Consumer Courts<\/strong>what can apply.<\/p><hr data-start=\"5393\" data-end=\"5396\" \/><h6><strong data-start=\"5400\" data-end=\"5415\">9. EFFECTIVE DATE<\/strong><\/h6><p data-start=\"5417\" data-end=\"5577\">By placing an order, the BUYER approves this agreement electronically;<br data-start=\"5490\" data-end=\"5493\" \/>The party declares that they have read, understood, and accepted all the terms and conditions of the contract.<\/p>\t\t\t\t\t\t\t\t<\/div>\n\t\t\t\t\t<\/div>\n\t\t\t\t<\/div>\n\t\t\t\t<\/div>","protected":false},"excerpt":{"rendered":"<p>\u0130\u015fbu Mesafeli Sat\u0131\u015f S\u00f6zle\u015fmesi, 6502 say\u0131l\u0131 T\u00fcketicinin Korunmas\u0131 Hakk\u0131nda Kanun ve Mesafeli S\u00f6zle\u015fmeler Y\u00f6netmeli\u011fi h\u00fck\u00fcmlerine uygun olarak d\u00fczenlenmi\u015ftir. ALICI, bu s\u00f6zle\u015fmeyi elektronik ortamda onaylayarak s\u00f6zle\u015fmenin t\u00fcm ko\u015fullar\u0131n\u0131 kabul etmi\u015f say\u0131l\u0131r. 1. TARAFLAR 1.1 SATICI Unvan: ANKA KLC OTOMOT\u0130V TEKN\u0130K YAPI TARIM LTD \u015eT\u0130Resm\u00ee Adres (Ticaret Sicil \/ Tebligat Adresi):Esentepe Mah. Harman Sk. No:5\/A K\u00f6rfez KOCAEL\u0130 [&hellip;]<\/p>","protected":false},"author":1,"featured_media":0,"parent":0,"menu_order":0,"comment_status":"closed","ping_status":"closed","template":"","meta":{"footnotes":""},"class_list":["post-7805","page","type-page","status-publish","hentry"],"_links":{"self":[{"href":"https:\/\/anka.farm\/en\/wp-json\/wp\/v2\/pages\/7805","targetHints":{"allow":["GET"]}}],"collection":[{"href":"https:\/\/anka.farm\/en\/wp-json\/wp\/v2\/pages"}],"about":[{"href":"https:\/\/anka.farm\/en\/wp-json\/wp\/v2\/types\/page"}],"author":[{"embeddable":true,"href":"https:\/\/anka.farm\/en\/wp-json\/wp\/v2\/users\/1"}],"replies":[{"embeddable":true,"href":"https:\/\/anka.farm\/en\/wp-json\/wp\/v2\/comments?post=7805"}],"version-history":[{"count":4,"href":"https:\/\/anka.farm\/en\/wp-json\/wp\/v2\/pages\/7805\/revisions"}],"predecessor-version":[{"id":7816,"href":"https:\/\/anka.farm\/en\/wp-json\/wp\/v2\/pages\/7805\/revisions\/7816"}],"wp:attachment":[{"href":"https:\/\/anka.farm\/en\/wp-json\/wp\/v2\/media?parent=7805"}],"curies":[{"name":"wp","href":"https:\/\/api.w.org\/{rel}","templated":true}]}}