{"id":7817,"date":"2025-11-20T00:47:04","date_gmt":"2025-11-19T21:47:04","guid":{"rendered":"https:\/\/anka.farm\/?page_id=7817"},"modified":"2025-11-20T00:49:41","modified_gmt":"2025-11-19T21:49:41","slug":"elementor-sayfa-7817","status":"publish","type":"page","link":"https:\/\/anka.farm\/en\/elementor-sayfa-7817\/","title":{"rendered":"Privacy &amp; GDPR Policy"},"content":{"rendered":"<div data-elementor-type=\"wp-page\" data-elementor-id=\"7817\" class=\"elementor elementor-7817\">\n\t\t\t\t<div class=\"elementor-element elementor-element-03ad8e1 e-flex e-con-boxed ecomus-responsive-column ecomus-tablet-column--default ecomus-responsive-column ecomus-mobile-column--default ecomus-responsive-column ecomus-motion--var(--position) e-con e-parent\" data-id=\"03ad8e1\" data-element_type=\"container\">\n\t\t\t\t\t<div class=\"e-con-inner\">\n\t\t\t\t<div class=\"elementor-element elementor-element-5967f95 elementor-widget elementor-widget-text-editor\" data-id=\"5967f95\" data-element_type=\"widget\" data-widget_type=\"text-editor.default\">\n\t\t\t\t\t\t\t\t\t<p data-start=\"379\" data-end=\"762\">As ANKA KLC OTOMOT\u0130V TEKN\u0130K YAPI TARIM LTD \u015eT\u0130 (\u201cthe Company\u201d), we attach great importance to the protection of your personal data and your privacy. In accordance with Law No. 6698... <strong data-start=\"527\" data-end=\"565\">Personal Data Protection Law<\/strong> In accordance with the &quot;KVKK&quot; (Turkish Personal Data Protection Law), we take all necessary technical and administrative measures to ensure the security of the personal data of our customers, visitors, users, and all individuals with whom we communicate.<\/p><p data-start=\"764\" data-end=\"775\">This text;<\/p><ul data-start=\"776\" data-end=\"991\"><li data-start=\"776\" data-end=\"804\"><p data-start=\"778\" data-end=\"804\"><strong data-start=\"778\" data-end=\"801\">Privacy Policy<\/strong>,<\/p><\/li><li data-start=\"805\" data-end=\"851\"><p data-start=\"807\" data-end=\"851\"><strong data-start=\"807\" data-end=\"848\">Article 10 of the Personal Data Protection Law (KVKK): Obligation to Inform<\/strong>,<\/p><\/li><li data-start=\"852\" data-end=\"991\"><p data-start=\"854\" data-end=\"991\"><strong data-start=\"854\" data-end=\"890\">Basic information about cookies<\/strong>,<br data-start=\"891\" data-end=\"894\" \/>presented under a single roof <a class=\"decorated-link\" href=\"https:\/\/anka.farm\/en\/\" target=\"_new\" rel=\"noopener\" data-start=\"925\" data-end=\"942\">https:\/\/anka.farm<\/a> This is valid with the use of our website.<\/p><\/li><\/ul><hr data-start=\"993\" data-end=\"996\" \/><h6><strong data-start=\"1000\" data-end=\"1021\">1. DATA CONTROLLER<\/strong><\/h6><p data-start=\"1023\" data-end=\"1218\"><strong data-start=\"1023\" data-end=\"1070\">ANKA KLC AUTOMOTIVE TECHNICAL CONSTRUCTION AGRICULTURE LTD.<\/strong><br data-start=\"1070\" data-end=\"1073\" \/>Address: Esentepe Mah. Harman Sk. No:5\/A K\u00f6rfez KOCAEL\u0130 \u2013 T\u00fcrkiye<br data-start=\"1136\" data-end=\"1139\" \/>Email: <a class=\"decorated-link cursor-pointer\" rel=\"noopener\" data-start=\"1148\" data-end=\"1162\">info@anka.farm<\/a><br data-start=\"1162\" data-end=\"1165\" \/>CAP: <a class=\"decorated-link cursor-pointer\" rel=\"noopener\" data-start=\"1170\" data-end=\"1189\">ankaklc@hs01.kep.tr<\/a><br data-start=\"1189\" data-end=\"1192\" \/>Phone: 0 542 428 10 41<\/p><hr data-start=\"1220\" data-end=\"1223\" \/><h6><strong data-start=\"1227\" data-end=\"1258\">2. PERSONAL DATA COLLECTED<\/strong><\/h6><p data-start=\"1260\" data-end=\"1312\">Personal data may be processed in the following categories:<\/p><h6><strong data-start=\"1318\" data-end=\"1344\">2.1. Membership and Orders<\/strong><\/h6><ul data-start=\"1345\" data-end=\"1490\"><li data-start=\"1345\" data-end=\"1358\"><p data-start=\"1347\" data-end=\"1358\">First name, last name<\/p><\/li><li data-start=\"1359\" data-end=\"1376\"><p data-start=\"1361\" data-end=\"1376\">Address information<\/p><\/li><li data-start=\"1377\" data-end=\"1397\"><p data-start=\"1379\" data-end=\"1397\">Phone number<\/p><\/li><li data-start=\"1398\" data-end=\"1416\"><p data-start=\"1400\" data-end=\"1416\">Email address<\/p><\/li><li data-start=\"1417\" data-end=\"1438\"><p data-start=\"1419\" data-end=\"1438\">Order information<\/p><\/li><li data-start=\"1439\" data-end=\"1467\"><p data-start=\"1441\" data-end=\"1467\">Payment\/billing information<\/p><\/li><li data-start=\"1468\" data-end=\"1490\"><p data-start=\"1470\" data-end=\"1490\">Delivery information<\/p><\/li><\/ul><h6><strong data-start=\"1496\" data-end=\"1519\">2.2. Technical Data<\/strong><\/h6><ul data-start=\"1520\" data-end=\"1613\"><li data-start=\"1520\" data-end=\"1533\"><p data-start=\"1522\" data-end=\"1533\">IP address<\/p><\/li><li data-start=\"1534\" data-end=\"1556\"><p data-start=\"1536\" data-end=\"1556\">Browser information<\/p><\/li><li data-start=\"1557\" data-end=\"1575\"><p data-start=\"1559\" data-end=\"1575\">Cookie data<\/p><\/li><li data-start=\"1576\" data-end=\"1593\"><p data-start=\"1578\" data-end=\"1593\">Log records<\/p><\/li><li data-start=\"1594\" data-end=\"1613\"><p data-start=\"1596\" data-end=\"1613\">Device information<\/p><\/li><\/ul><h6><strong data-start=\"1619\" data-end=\"1645\">2.3. Contact Information<\/strong><\/h6><ul data-start=\"1646\" data-end=\"1737\"><li data-start=\"1646\" data-end=\"1678\"><p data-start=\"1648\" data-end=\"1678\">Customer service requests<\/p><\/li><li data-start=\"1679\" data-end=\"1709\"><p data-start=\"1681\" data-end=\"1709\">Email\/message contents<\/p><\/li><li data-start=\"1710\" data-end=\"1737\"><p data-start=\"1712\" data-end=\"1737\">Call records (if available)<\/p><\/li><\/ul><h6><strong data-start=\"1743\" data-end=\"1786\">2.4. Marketing Data (With Explicit Consent)<\/strong><\/h6><ul data-start=\"1787\" data-end=\"1870\"><li data-start=\"1787\" data-end=\"1810\"><p data-start=\"1789\" data-end=\"1810\">Campaign preferences<\/p><\/li><li data-start=\"1811\" data-end=\"1831\"><p data-start=\"1813\" data-end=\"1831\">Newsletter subscription<\/p><\/li><li data-start=\"1832\" data-end=\"1870\"><p data-start=\"1834\" data-end=\"1870\">Cookie-based ad personalization<\/p><\/li><\/ul><hr data-start=\"1872\" data-end=\"1875\" \/><h6><strong data-start=\"1879\" data-end=\"1920\">3. PURPOSES OF PROCESSING PERSONAL DATA<\/strong><\/h6><p data-start=\"1922\" data-end=\"1947\">Personal data collected;<\/p><h6><strong data-start=\"1953\" data-end=\"1981\">3.1. Contractual Purposes<\/strong><\/h6><ul data-start=\"1982\" data-end=\"2144\"><li data-start=\"1982\" data-end=\"2018\"><p data-start=\"1984\" data-end=\"2018\">Order processing<\/p><\/li><li data-start=\"2019\" data-end=\"2050\"><p data-start=\"2021\" data-end=\"2050\">Delivery and shipping processes<\/p><\/li><li data-start=\"2051\" data-end=\"2085\"><p data-start=\"2053\" data-end=\"2085\">Payment processing<\/p><\/li><li data-start=\"2086\" data-end=\"2109\"><p data-start=\"2088\" data-end=\"2109\">Invoice issuance<\/p><\/li><li data-start=\"2110\" data-end=\"2144\"><p data-start=\"2112\" data-end=\"2144\">Product return and exchange processes<\/p><\/li><\/ul><h6><strong data-start=\"2150\" data-end=\"2178\">3.2. Legal Obligations<\/strong><\/h6><ul data-start=\"2179\" data-end=\"2333\"><li data-start=\"2179\" data-end=\"2204\"><p data-start=\"2181\" data-end=\"2204\">Compliance with tax legislation.<\/p><\/li><li data-start=\"2205\" data-end=\"2236\"><p data-start=\"2207\" data-end=\"2236\">Business registration requirements<\/p><\/li><li data-start=\"2237\" data-end=\"2280\"><p data-start=\"2239\" data-end=\"2280\">Meeting the requests of the relevant authorities.<\/p><\/li><li data-start=\"2281\" data-end=\"2333\"><p data-start=\"2283\" data-end=\"2333\">Preventing fraud and abuse.<\/p><\/li><\/ul><h6><strong data-start=\"2339\" data-end=\"2375\">3.3. Customer Relationship Management<\/strong><\/h6><ul data-start=\"2376\" data-end=\"2475\"><li data-start=\"2376\" data-end=\"2412\"><p data-start=\"2378\" data-end=\"2412\">Responding to support requests<\/p><\/li><li data-start=\"2413\" data-end=\"2451\"><p data-start=\"2415\" data-end=\"2451\">Warranty and after-sales services<\/p><\/li><li data-start=\"2452\" data-end=\"2475\"><p data-start=\"2454\" data-end=\"2475\">Satisfaction Management<\/p><\/li><\/ul><h6><strong data-start=\"2481\" data-end=\"2515\">3.4. Marketing (with explicit consent)<\/strong><\/h6><ul data-start=\"2516\" data-end=\"2611\"><li data-start=\"2516\" data-end=\"2541\"><p data-start=\"2518\" data-end=\"2541\">Campaign notifications<\/p><\/li><li data-start=\"2542\" data-end=\"2571\"><p data-start=\"2544\" data-end=\"2571\">Email and SMS announcements<\/p><\/li><li data-start=\"2572\" data-end=\"2611\"><p data-start=\"2574\" data-end=\"2611\">Personalized ad display<\/p><\/li><\/ul><hr data-start=\"2613\" data-end=\"2616\" \/><h6><strong data-start=\"2620\" data-end=\"2667\">4. PARTY(S) TO WHOM PERSONAL DATA IS TRANSFERRED<\/strong><\/h6><p data-start=\"2669\" data-end=\"2767\">Your personal data may be shared with the following parties for the purpose of providing the service:<\/p><ul data-start=\"2769\" data-end=\"2997\"><li data-start=\"2769\" data-end=\"2788\"><p data-start=\"2771\" data-end=\"2788\">Cargo companies<\/p><\/li><li data-start=\"2789\" data-end=\"2821\"><p data-start=\"2791\" data-end=\"2821\">Payment institutions \/ banks<\/p><\/li><li data-start=\"2822\" data-end=\"2859\"><p data-start=\"2824\" data-end=\"2859\">E-invoice \/ e-archive integrators<\/p><\/li><li data-start=\"2860\" data-end=\"2902\"><p data-start=\"2862\" data-end=\"2902\">Legal advisors (if needed)<\/p><\/li><li data-start=\"2903\" data-end=\"2949\"><p data-start=\"2905\" data-end=\"2949\">IT infrastructure and software service providers<\/p><\/li><li data-start=\"2950\" data-end=\"2997\"><p data-start=\"2952\" data-end=\"2997\">Official institutions (in cases of legal obligation)<\/p><\/li><\/ul><p data-start=\"2999\" data-end=\"3105\">Personal data <strong data-start=\"3015\" data-end=\"3054\">It will absolutely not be sold to third parties.<\/strong>, It is not to be transferred for commercial purposes and may not be shared without permission.<\/p><hr data-start=\"3107\" data-end=\"3110\" \/><h6><strong data-start=\"3114\" data-end=\"3150\">5. DATA COLLECTION METHODS<\/strong><\/h6><p data-start=\"3152\" data-end=\"3164\">Your data;<\/p><ul data-start=\"3166\" data-end=\"3331\"><li data-start=\"3166\" data-end=\"3195\"><p data-start=\"3168\" data-end=\"3195\">Website registration forms<\/p><\/li><li data-start=\"3196\" data-end=\"3217\"><p data-start=\"3198\" data-end=\"3217\">Order processing<\/p><\/li><li data-start=\"3218\" data-end=\"3230\"><p data-start=\"3220\" data-end=\"3230\">Cookies<\/p><\/li><li data-start=\"3231\" data-end=\"3263\"><p data-start=\"3233\" data-end=\"3263\">Customer service channels<\/p><\/li><li data-start=\"3264\" data-end=\"3288\"><p data-start=\"3266\" data-end=\"3288\">Email communications<\/p><\/li><li data-start=\"3289\" data-end=\"3331\"><p data-start=\"3291\" data-end=\"3331\">Third-party secure payment infrastructures<\/p><\/li><\/ul><p data-start=\"3333\" data-end=\"3359\">can be collected through.<\/p><hr data-start=\"3361\" data-end=\"3364\" \/><h6><strong data-start=\"3368\" data-end=\"3403\">6. DATA RETENTION PERIOD<\/strong><\/h6><p data-start=\"3405\" data-end=\"3476\">Your data will be stored for the period stipulated in the relevant legislation.<\/p><ul data-start=\"3478\" data-end=\"3708\"><li data-start=\"3478\" data-end=\"3509\"><p data-start=\"3480\" data-end=\"3509\">Commercial records: <strong data-start=\"3497\" data-end=\"3507\">10 years<\/strong><\/p><\/li><li data-start=\"3510\" data-end=\"3541\"><p data-start=\"3512\" data-end=\"3541\">Invoice details: <strong data-start=\"3529\" data-end=\"3539\">10 years<\/strong><\/p><\/li><li data-start=\"3542\" data-end=\"3586\"><p data-start=\"3544\" data-end=\"3586\">Order and customer information: <strong data-start=\"3574\" data-end=\"3584\">10 years<\/strong><\/p><\/li><li data-start=\"3587\" data-end=\"3654\"><p data-start=\"3589\" data-end=\"3654\">Technical log records: <strong data-start=\"3611\" data-end=\"3652\">According to Law No. 5651, a minimum of 6 months.<\/strong><\/p><\/li><li data-start=\"3655\" data-end=\"3708\"><p data-start=\"3657\" data-end=\"3708\">Marketing data: Until explicit consent is withdrawn.<\/p><\/li><\/ul><p data-start=\"3710\" data-end=\"3801\">At the end of the period, the data is deleted, destroyed, or anonymized in accordance with the law.<\/p><hr data-start=\"3803\" data-end=\"3806\" \/><h6><strong data-start=\"3810\" data-end=\"3841\">7. COOKIE USAGE<\/strong><\/h6><p data-start=\"3843\" data-end=\"3918\"><a class=\"decorated-link\" href=\"https:\/\/anka.farm\/en\/\" target=\"_new\" rel=\"noopener\" data-start=\"3843\" data-end=\"3860\">https:\/\/anka.farm<\/a> It uses cookies to improve user experience.<\/p><p data-start=\"3920\" data-end=\"3945\">Types of cookies used:<\/p><ul data-start=\"3947\" data-end=\"4079\"><li data-start=\"3947\" data-end=\"3993\"><p data-start=\"3949\" data-end=\"3993\"><strong data-start=\"3949\" data-end=\"3969\">Mandatory Cookies<\/strong> (for website maintenance)<\/p><\/li><li data-start=\"3994\" data-end=\"4019\"><p data-start=\"3996\" data-end=\"4019\"><strong data-start=\"3996\" data-end=\"4017\">Analytical Cookies<\/strong><\/p><\/li><li data-start=\"4020\" data-end=\"4079\"><p data-start=\"4022\" data-end=\"4079\"><strong data-start=\"4022\" data-end=\"4077\">Marketing\/personalization cookies (with explicit consent)<\/strong><\/p><\/li><\/ul><p data-start=\"4081\" data-end=\"4188\">You can manage your cookie preferences or block all cookies through your browser settings.<\/p><hr data-start=\"4190\" data-end=\"4193\" \/><h6><strong data-start=\"4197\" data-end=\"4229\">8. DATA SECURITY MEASURES<\/strong><\/h6><p data-start=\"4231\" data-end=\"4294\">Our company takes the following technical and administrative safety measures:<\/p><ul data-start=\"4296\" data-end=\"4505\"><li data-start=\"4296\" data-end=\"4324\"><p data-start=\"4298\" data-end=\"4324\">SSL encrypted communication<\/p><\/li><li data-start=\"4325\" data-end=\"4354\"><p data-start=\"4327\" data-end=\"4354\">Server firewalls<\/p><\/li><li data-start=\"4355\" data-end=\"4387\"><p data-start=\"4357\" data-end=\"4387\">Access restrictions<\/p><\/li><li data-start=\"4388\" data-end=\"4417\"><p data-start=\"4390\" data-end=\"4417\">Regular safety tests<\/p><\/li><li data-start=\"4418\" data-end=\"4431\"><p data-start=\"4420\" data-end=\"4431\">Backup<\/p><\/li><li data-start=\"4432\" data-end=\"4468\"><p data-start=\"4434\" data-end=\"4468\">Data protection methods compliant with KVKK (Turkish Personal Data Protection Law)<\/p><\/li><li data-start=\"4469\" data-end=\"4505\"><p data-start=\"4471\" data-end=\"4505\">Personnel confidentiality obligations<\/p><\/li><\/ul><hr data-start=\"4507\" data-end=\"4510\" \/><h6><strong data-start=\"4514\" data-end=\"4568\">9. RIGHTS OF THE DATA SUBJECT (Article 11 of the Personal Data Protection Law)<\/strong><\/h6><p data-start=\"4570\" data-end=\"4599\">You have the following rights:<\/p><ul data-start=\"4601\" data-end=\"4997\"><li data-start=\"4601\" data-end=\"4647\"><p data-start=\"4603\" data-end=\"4647\">To find out if your personal data is being processed.<\/p><\/li><li data-start=\"4648\" data-end=\"4692\"><p data-start=\"4650\" data-end=\"4692\">If it has been processed, request information about it.<\/p><\/li><li data-start=\"4693\" data-end=\"4761\"><p data-start=\"4695\" data-end=\"4761\">To understand the purpose of the processing and whether it is being used appropriately.<\/p><\/li><li data-start=\"4762\" data-end=\"4817\"><p data-start=\"4764\" data-end=\"4817\">Knowing the recipients of the transfer, both domestically and internationally.<\/p><\/li><li data-start=\"4818\" data-end=\"4853\"><p data-start=\"4820\" data-end=\"4853\">Requesting data correction<\/p><\/li><li data-start=\"4854\" data-end=\"4901\"><p data-start=\"4856\" data-end=\"4901\">Requesting the deletion\/deletion of data.<\/p><\/li><li data-start=\"4902\" data-end=\"4926\"><p data-start=\"4904\" data-end=\"4926\">Object to the process<\/p><\/li><li data-start=\"4927\" data-end=\"4997\"><p data-start=\"4929\" data-end=\"4997\">You can claim compensation if you suffer damages due to incorrectly processed data.<\/p><\/li><\/ul><hr data-start=\"4999\" data-end=\"5002\" \/><h6><strong data-start=\"5006\" data-end=\"5038\">10. REQUEST AND APPLICATION METHOD<\/strong><\/h6><p data-start=\"5040\" data-end=\"5076\">All your requests within the scope of KVKK (Personal Data Protection Law);<\/p><p data-start=\"5078\" data-end=\"5208\"><strong data-start=\"5078\" data-end=\"5090\">Email:<\/strong> <a class=\"decorated-link cursor-pointer\" rel=\"noopener\" data-start=\"5091\" data-end=\"5105\">info@anka.farm<\/a><br data-start=\"5105\" data-end=\"5108\" \/><strong data-start=\"5108\" data-end=\"5116\">CAP:<\/strong> <a class=\"decorated-link cursor-pointer\" rel=\"noopener\" data-start=\"5117\" data-end=\"5136\">ankaklc@hs01.kep.tr<\/a><br data-start=\"5136\" data-end=\"5139\" \/><strong data-start=\"5139\" data-end=\"5149\">Mail:<\/strong> Esentepe Neighborhood, Harman Street, No:5\/A, Gulf, KOCAELI \u2013 T\u00fcrkiye<\/p><p data-start=\"5210\" data-end=\"5238\">You can send them to these addresses.<\/p><p data-start=\"5240\" data-end=\"5285\">Applications <strong data-start=\"5251\" data-end=\"5268\">Within 30 days<\/strong> It is concluded.<\/p><hr data-start=\"5287\" data-end=\"5290\" \/><h6><strong data-start=\"5294\" data-end=\"5320\">11. POLICY IMPLEMENTATION<\/strong><\/h6><p data-start=\"5322\" data-end=\"5469\">This Privacy &amp; GDPR Policy comes into effect on the date of its publication.<br data-start=\"5389\" data-end=\"5392\" \/>The company reserves the right to update the policy as it deems necessary.<\/p>\t\t\t\t\t\t\t\t<\/div>\n\t\t\t\t\t<\/div>\n\t\t\t\t<\/div>\n\t\t\t\t<\/div>","protected":false},"excerpt":{"rendered":"<p>ANKA KLC OTOMOT\u0130V TEKN\u0130K YAPI TARIM LTD \u015eT\u0130 (\u201c\u015eirket\u201d) olarak, ki\u015fisel verilerinizin korunmas\u0131na ve gizlili\u011finize b\u00fcy\u00fck \u00f6nem veriyoruz. 6698 say\u0131l\u0131 Ki\u015fisel Verilerin Korunmas\u0131 Kanunu (\u201cKVKK\u201d) uyar\u0131nca, m\u00fc\u015fterilerimiz, ziyaret\u00e7ilerimiz, kullan\u0131c\u0131lar\u0131m\u0131z ve ileti\u015fimde bulundu\u011fumuz t\u00fcm ki\u015filerin ki\u015fisel verilerinin g\u00fcvenli\u011fi i\u00e7in gerekli teknik ve idari t\u00fcm tedbirleri almaktay\u0131z. Bu metin; Gizlilik Politikas\u0131, KVKK 10. Madde Ayd\u0131nlatma Y\u00fck\u00fcml\u00fcl\u00fc\u011f\u00fc, \u00c7erezlere [&hellip;]<\/p>","protected":false},"author":1,"featured_media":0,"parent":0,"menu_order":0,"comment_status":"closed","ping_status":"closed","template":"","meta":{"footnotes":""},"class_list":["post-7817","page","type-page","status-publish","hentry"],"_links":{"self":[{"href":"https:\/\/anka.farm\/en\/wp-json\/wp\/v2\/pages\/7817","targetHints":{"allow":["GET"]}}],"collection":[{"href":"https:\/\/anka.farm\/en\/wp-json\/wp\/v2\/pages"}],"about":[{"href":"https:\/\/anka.farm\/en\/wp-json\/wp\/v2\/types\/page"}],"author":[{"embeddable":true,"href":"https:\/\/anka.farm\/en\/wp-json\/wp\/v2\/users\/1"}],"replies":[{"embeddable":true,"href":"https:\/\/anka.farm\/en\/wp-json\/wp\/v2\/comments?post=7817"}],"version-history":[{"count":7,"href":"https:\/\/anka.farm\/en\/wp-json\/wp\/v2\/pages\/7817\/revisions"}],"predecessor-version":[{"id":7824,"href":"https:\/\/anka.farm\/en\/wp-json\/wp\/v2\/pages\/7817\/revisions\/7824"}],"wp:attachment":[{"href":"https:\/\/anka.farm\/en\/wp-json\/wp\/v2\/media?parent=7817"}],"curies":[{"name":"wp","href":"https:\/\/api.w.org\/{rel}","templated":true}]}}