{"id":7582,"date":"2025-11-17T09:14:30","date_gmt":"2025-11-17T09:14:30","guid":{"rendered":"https:\/\/anka.farm\/?post_type=product&#038;p=7582"},"modified":"2025-11-18T01:41:29","modified_gmt":"2025-11-18T01:41:29","slug":"erken-hasat-soguk-sikim-siyah-teneke-1-lt","status":"publish","type":"product","link":"https:\/\/anka.farm\/en\/urunlerimiz\/erken-hasat-soguk-sikim-siyah-teneke-1-lt\/","title":{"rendered":"Early Harvest Cold Pressed Black Tin 1 lt"},"content":{"rendered":"<p>Pure Olive Oil \/ Extra Virgin Olive Oil<\/p>\n<p>Location \/ From: Pelitk\u00f6y, Burhaniye, Bal\u0131kesir, Turkey<\/p>\n<p>Harvest: 2025<\/p>\n<p>Acidity: maximum 0.5, high quality, natural extra virgin<\/p>\n<p>Cold Pressing \/ Cold Extraction<\/p>\n<p>Special Selection<\/p>\n<p>Single Garden, Floated<\/p>\n<p>Extracted by the latest technology, closed continuous system without a touch to the air.<\/p>","protected":false},"excerpt":{"rendered":"<p>Saf Zeytinya\u011f\u0131 \/ Extra Virgin Olive Oil Mevki \/ From : Pelitk\u00f6y, Burhaniye, Bal\u0131kesir, Turkey Hasat \/ Harvest : 2025 Dizem \/ Acidity : en fazla\/max 0,5 , \u00fcst\u00fcn kalite \/ high quality , naturel s\u0131zma \/ extra virgin So\u011fuk S\u0131k\u0131m \/ Cold Extraction \u00d6zel Se\u00e7im \/\u00a0 Special Selection Tek bah\u00e7e, dinlenmi\u015f \/\u00a0 Single Garden, [&hellip;]<\/p>","protected":false},"featured_media":7690,"comment_status":"open","ping_status":"closed","template":"","meta":[],"product_brand":[168],"product_cat":[154],"product_tag":[],"class_list":{"0":"post-7582","1":"product","2":"type-product","3":"status-publish","4":"has-post-thumbnail","6":"product_brand-anka-olive","7":"product_cat-zeytinyagi","9":"first","10":"instock","11":"taxable","12":"shipping-taxable","13":"purchasable","14":"product-type-simple"},"_links":{"self":[{"href":"https:\/\/anka.farm\/en\/wp-json\/wp\/v2\/product\/7582","targetHints":{"allow":["GET"]}}],"collection":[{"href":"https:\/\/anka.farm\/en\/wp-json\/wp\/v2\/product"}],"about":[{"href":"https:\/\/anka.farm\/en\/wp-json\/wp\/v2\/types\/product"}],"replies":[{"embeddable":true,"href":"https:\/\/anka.farm\/en\/wp-json\/wp\/v2\/comments?post=7582"}],"wp:featuredmedia":[{"embeddable":true,"href":"https:\/\/anka.farm\/en\/wp-json\/wp\/v2\/media\/7690"}],"wp:attachment":[{"href":"https:\/\/anka.farm\/en\/wp-json\/wp\/v2\/media?parent=7582"}],"wp:term":[{"taxonomy":"product_brand","embeddable":true,"href":"https:\/\/anka.farm\/en\/wp-json\/wp\/v2\/product_brand?post=7582"},{"taxonomy":"product_cat","embeddable":true,"href":"https:\/\/anka.farm\/en\/wp-json\/wp\/v2\/product_cat?post=7582"},{"taxonomy":"product_tag","embeddable":true,"href":"https:\/\/anka.farm\/en\/wp-json\/wp\/v2\/product_tag?post=7582"}],"curies":[{"name":"wp","href":"https:\/\/api.w.org\/{rel}","templated":true}]}}