{"id":7602,"date":"2025-11-07T10:33:10","date_gmt":"2025-11-07T10:33:10","guid":{"rendered":"https:\/\/anka.farm\/?post_type=product&#038;p=7602"},"modified":"2025-11-18T01:03:18","modified_gmt":"2025-11-18T01:03:18","slug":"oyuncakli-gliserinli-sabun-90-gr","status":"publish","type":"product","link":"https:\/\/anka.farm\/en\/urunlerimiz\/oyuncakli-gliserinli-sabun-90-gr\/","title":{"rendered":"Oval Toy Glycerin Soap 90 gr"},"content":{"rendered":"<ul>\n<li><b>Innovative Design Encouraging Personal Hygiene Habits: Figurative Glycerin Soap<\/b>Personal care products for children should not only be safe and effective, but also serve an educational mission. Developed with this understanding, our specially formulated glycerin soap is designed to reinforce daily cleaning routines and transform this process into an encouraging experience.<b>Motivation-Focused Design<\/b>Our product uses a positive motivational element to reinforce hygiene habits. At the center of each soap bar is a toy figure that gradually appears during use. This method provides an effective incentive for children to use the soap regularly and completely.\n<p><b>Advanced Formula for Sensitive Skin<\/b><\/p>\n<p>Children&#039;s delicate skin requires special care. Our product has been formulated with this need in mind:<\/p>\n<ul>\n<li><b>High Moisture Capacity:<\/b> The formula&#039;s high concentration of pure, natural glycerin protects the skin&#039;s moisture barrier. It gently cleanses without drying the skin, leaving it soft.<\/li>\n<li><b>Safe Content Profile:<\/b> It is skin-friendly. It does not contain parabens, SLS\/SLES, alcohol, or harsh chemicals that can irritate the skin.<\/li>\n<li><b>Gentle Cleansing:<\/b> Ideal for daily hand washing and bathing, it respects the skin&#039;s natural pH balance.<\/li>\n<\/ul>\n<p><b>Intended Use:<\/b> This soap offers parents a pedagogical tool in instilling personal hygiene responsibilities in their children. Combining fun with effective cleaning, this product helps transform bath time and handwashing into positive habits.<\/p>\n<p><b>Instructions for Use:<\/b> Lather the soap with water and apply to clean hands, face, or body, then rinse thoroughly with plenty of water.<\/li>\n<\/ul>","protected":false},"excerpt":{"rendered":"<p>Ki\u015fisel Hijyen Al\u0131\u015fkanl\u0131\u011f\u0131n\u0131 Te\u015fvik Eden Yenilik\u00e7i Tasar\u0131m: Fig\u00fcrl\u00fc Gliserinli Sabun\u00c7ocuklara y\u00f6nelik ki\u015fisel bak\u0131m \u00fcr\u00fcnleri, g\u00fcvenlik ve etkinli\u011fin yan\u0131 s\u0131ra e\u011fitici bir misyon da \u00fcstlenmelidir. Bu anlay\u0131\u015fla geli\u015ftirilen \u00f6zel form\u00fcll\u00fc gliserinli sabunumuz, g\u00fcnl\u00fck temizlik rutinlerini peki\u015ftirmek ve bu s\u00fcreci te\u015fvik edici bir deneyime d\u00f6n\u00fc\u015ft\u00fcrmek \u00fczere tasarlanm\u0131\u015ft\u0131r.Motivasyon Odakl\u0131 Tasar\u0131m\u00dcr\u00fcn\u00fcm\u00fcz, temizlik al\u0131\u015fkanl\u0131\u011f\u0131n\u0131 peki\u015ftirmek i\u00e7in pozitif bir motivasyon unsuru [&hellip;]<\/p>","protected":false},"featured_media":7695,"comment_status":"open","ping_status":"closed","template":"","meta":[],"product_brand":[168],"product_cat":[171,155],"product_tag":[],"class_list":{"0":"post-7602","1":"product","2":"type-product","3":"status-publish","4":"has-post-thumbnail","6":"product_brand-anka-olive","7":"product_cat-kati-sabun","8":"product_cat-sabun","10":"first","11":"instock","12":"taxable","13":"shipping-taxable","14":"purchasable","15":"product-type-simple"},"_links":{"self":[{"href":"https:\/\/anka.farm\/en\/wp-json\/wp\/v2\/product\/7602","targetHints":{"allow":["GET"]}}],"collection":[{"href":"https:\/\/anka.farm\/en\/wp-json\/wp\/v2\/product"}],"about":[{"href":"https:\/\/anka.farm\/en\/wp-json\/wp\/v2\/types\/product"}],"replies":[{"embeddable":true,"href":"https:\/\/anka.farm\/en\/wp-json\/wp\/v2\/comments?post=7602"}],"wp:featuredmedia":[{"embeddable":true,"href":"https:\/\/anka.farm\/en\/wp-json\/wp\/v2\/media\/7695"}],"wp:attachment":[{"href":"https:\/\/anka.farm\/en\/wp-json\/wp\/v2\/media?parent=7602"}],"wp:term":[{"taxonomy":"product_brand","embeddable":true,"href":"https:\/\/anka.farm\/en\/wp-json\/wp\/v2\/product_brand?post=7602"},{"taxonomy":"product_cat","embeddable":true,"href":"https:\/\/anka.farm\/en\/wp-json\/wp\/v2\/product_cat?post=7602"},{"taxonomy":"product_tag","embeddable":true,"href":"https:\/\/anka.farm\/en\/wp-json\/wp\/v2\/product_tag?post=7602"}],"curies":[{"name":"wp","href":"https:\/\/api.w.org\/{rel}","templated":true}]}}