{"id":7615,"date":"2025-11-07T11:01:40","date_gmt":"2025-11-07T11:01:40","guid":{"rendered":"https:\/\/anka.farm\/?post_type=product&#038;p=7615"},"modified":"2025-11-24T13:41:14","modified_gmt":"2025-11-24T10:41:14","slug":"dogal-dort-hirsiz-sirkesi-500-ml","status":"publish","type":"product","link":"https:\/\/anka.farm\/en\/urunlerimiz\/dogal-dort-hirsiz-sirkesi-500-ml\/","title":{"rendered":"Natural Four Thieves Vinegar 500 ml"},"content":{"rendered":"<p><b>Do\u011fan\u0131n Efsanevi Koruma Kalkan\u0131: %100 Do\u011fal D\u00f6rt H\u0131rs\u0131z Sirkesi<\/b><\/p>\n<p>Rediscover one of history&#039;s most mysterious recipes, in its purest form, as nature has it all offered. Named after the legendary four thieves who were believed to have remained unharmed during plague outbreaks thanks to this formula, this vinegar is much more than a flavoring; it&#039;s a traditional elixir of health and purification.<\/p>\n<p>It is prepared by slowly and naturally infusing only the finest quality natural apple cider vinegar with carefully selected potent herbs and spices (rosemary, lavender, garlic, sage, cloves, yarrow, thyme, mint, ginger).<\/p>\n<p><b>Why Four Thieves Vinegar?<\/b><\/p>\n<ul>\n<li><b>Legendary Formula:<\/b> This recipe is based on an ancient formula passed down through generations for centuries, drawing its power from the synergy of plants. Each ingredient has been carefully selected to further enrich the formula.<\/li>\n<li><b>%100 Do\u011fal ve Canl\u0131:<\/b> \u00dcr\u00fcn\u00fcm\u00fcz %100 do\u011fald\u0131r. \u0130\u00e7eri\u011finde hi\u00e7bir koruyucu, katk\u0131 maddesi, renklendirici veya sentetik aroma bulunmaz. Sirke baz\u0131m\u0131z past\u00f6rize edilmemi\u015ftir (\u0131s\u0131l i\u015flem g\u00f6rmemi\u015ftir), bu sayede &#8220;canl\u0131&#8221; ve aktiftir.<\/li>\n<li><b>\u201c&quot;Vinegar Mother&quot; may form:<\/b> The formation of sediment in the bottle or a &quot;mother of vinegar&quot; on the surface over time is the clearest evidence that the product has not been heat-treated and has retained its beneficial enzymes. This is the signature of naturalness.<\/li>\n<li><b>Multifaceted Power:<\/b> Traditionally, this vinegar has been used as a powerful aid in both personal and environmental cleansing. Its strong herbal aroma is indicative of its rich and concentrated content.<\/li>\n<\/ul>\n<p><b>Traditional Usage Recommendations:<\/b><\/p>\n<ul>\n<li><b>As a Health Support Initiative:<\/b> It can be diluted by adding a small amount (e.g., one tablespoon) to a glass of water before drinking. (It has a strong taste).<\/li>\n<li><b>Natural Cleanser:<\/b> Thanks to its potent ingredients, it can be used in homemade natural surface cleaners or diluted with water.<\/li>\n<li><b>In Salad Dressings:<\/b> Using just a small amount can add a sharp, spicy, and unique character to your salads.<\/li>\n<\/ul>\n<p>Invite this powerful legacy of nature and history into your home.<\/p>\n<p>&nbsp;<\/p>","protected":false},"excerpt":{"rendered":"<p>Do\u011fan\u0131n Efsanevi Koruma Kalkan\u0131: %100 Do\u011fal D\u00f6rt H\u0131rs\u0131z Sirkesi Tarihin en gizemli tariflerinden birini, do\u011fan\u0131n sundu\u011fu en saf haliyle yeniden ke\u015ffedin. Ad\u0131n\u0131, veba salg\u0131nlar\u0131 s\u0131ras\u0131nda bu form\u00fcl sayesinde hastalanmadan kald\u0131klar\u0131na inan\u0131lan efsanevi d\u00f6rt h\u0131rs\u0131zdan alan bu sirke, bir lezzetlendiriciden \u00e7ok daha fazlas\u0131d\u0131r; o, geleneksel bir sa\u011fl\u0131k ve ar\u0131nma iksiridir. Sadece en kaliteli do\u011fal elma sirkesi [&hellip;]<\/p>","protected":false},"featured_media":7682,"comment_status":"open","ping_status":"closed","template":"","meta":[],"product_brand":[168],"product_cat":[156],"product_tag":[],"class_list":{"0":"post-7615","1":"product","2":"type-product","3":"status-publish","4":"has-post-thumbnail","6":"product_brand-anka-olive","7":"product_cat-sirke","9":"first","10":"instock","11":"taxable","12":"shipping-taxable","13":"purchasable","14":"product-type-simple"},"_links":{"self":[{"href":"https:\/\/anka.farm\/en\/wp-json\/wp\/v2\/product\/7615","targetHints":{"allow":["GET"]}}],"collection":[{"href":"https:\/\/anka.farm\/en\/wp-json\/wp\/v2\/product"}],"about":[{"href":"https:\/\/anka.farm\/en\/wp-json\/wp\/v2\/types\/product"}],"replies":[{"embeddable":true,"href":"https:\/\/anka.farm\/en\/wp-json\/wp\/v2\/comments?post=7615"}],"wp:featuredmedia":[{"embeddable":true,"href":"https:\/\/anka.farm\/en\/wp-json\/wp\/v2\/media\/7682"}],"wp:attachment":[{"href":"https:\/\/anka.farm\/en\/wp-json\/wp\/v2\/media?parent=7615"}],"wp:term":[{"taxonomy":"product_brand","embeddable":true,"href":"https:\/\/anka.farm\/en\/wp-json\/wp\/v2\/product_brand?post=7615"},{"taxonomy":"product_cat","embeddable":true,"href":"https:\/\/anka.farm\/en\/wp-json\/wp\/v2\/product_cat?post=7615"},{"taxonomy":"product_tag","embeddable":true,"href":"https:\/\/anka.farm\/en\/wp-json\/wp\/v2\/product_tag?post=7615"}],"curies":[{"name":"wp","href":"https:\/\/api.w.org\/{rel}","templated":true}]}}