{"id":7617,"date":"2025-11-07T11:09:11","date_gmt":"2025-11-07T11:09:11","guid":{"rendered":"https:\/\/anka.farm\/?post_type=product&#038;p=7617"},"modified":"2025-11-24T13:37:33","modified_gmt":"2025-11-24T10:37:33","slug":"zeytin-cicegi-kolonyasi-sprey-250-ml","status":"publish","type":"product","link":"https:\/\/anka.farm\/en\/urunlerimiz\/zeytin-cicegi-kolonyasi-sprey-250-ml\/","title":{"rendered":"Olive Blossom Cologne Spray 250 ml"},"content":{"rendered":"<p><b>Instant Freshness is with you: Anka Olive Olive Blossom Spray Cologne (250 ml)<\/b><\/p>\n<p>Feel the fresh and light scent of the Aegean with you at any time of the day. Combining the traditional freshness of cologne with a modern and practical design. <b>Anka Olive Olive Blossom Cologne<\/b>, It is specially designed for all-day freshness.<\/p>\n<p><b>Useful and Practical Design<\/b> Unlike ordinary cologne bottles, <b>Thanks to its spray bottle design, it offers easy and practical use.<\/b> With just a few sprays, you can distribute the cologne evenly and cool down instantly. It&#039;s ideal for carrying in your bag or using quickly at home.<\/p>\n<p><b>Fresh scent that lasts all day.<\/b> Exclusive to our brand <b>Anka Olive Olive Blossom fragrance provides a refreshing feeling of freshness throughout the day.<\/b> This light and non-overpowering natural fragrance leaves a gentle breeze on your skin, revitalizing your energy.<\/p>\n<p><b>Ideal Size, Reliable Quality<\/b> <b>With its 250 ml capacity, it provides the possibility of long-term use.<\/b> It is both economical and practical. <b>Its Turkish origin reflects the quality of locally sourced materials.<\/b> This product, offered to you and your loved ones, is a guarantee of local production and quality raw materials.<\/p>\n<p><b>Why Anka Olive Spray Cologne?<\/b><\/p>\n<ul>\n<li><b>Practical Use:<\/b> It is easily applied with the spray nozzle.<\/li>\n<li><b>Signature Scent:<\/b> A refreshing and lasting breeze of olive blossoms.<\/li>\n<li><b>Ideal Size:<\/b> With a volume of 250 ml, it will last a long time.<\/li>\n<li><b>Local Quality:<\/b> Produced in T\u00fcrkiye using high-quality local resources.<\/li>\n<\/ul>\n<p>&nbsp;<\/p>","protected":false},"excerpt":{"rendered":"<p>An\u0131nda Ferahl\u0131k Sizinle: Anka Olive Zeytin \u00c7i\u00e7e\u011fi Sprey Kolonya (250 ml) G\u00fcn\u00fcn her an\u0131 Ege&#8217;nin taptaze ve hafif kokusunu yan\u0131n\u0131zda hissedin. Geleneksel kolonya ferahl\u0131\u011f\u0131n\u0131, modern ve pratik bir tasar\u0131mla bulu\u015fturan Anka Olive Zeytin \u00c7i\u00e7e\u011fi Kolonyas\u0131, g\u00fcn boyu s\u00fcren bir tazelik i\u00e7in \u00f6zel olarak tasarland\u0131. Kullan\u0131\u015fl\u0131 ve Pratik Tasar\u0131m S\u0131radan kolonya \u015fi\u015felerinin aksine, sprey \u015fi\u015fe tasar\u0131m\u0131 [&hellip;]<\/p>","protected":false},"featured_media":7696,"comment_status":"open","ping_status":"closed","template":"","meta":[],"product_brand":[168],"product_cat":[158],"product_tag":[],"class_list":{"0":"post-7617","1":"product","2":"type-product","3":"status-publish","4":"has-post-thumbnail","6":"product_brand-anka-olive","7":"product_cat-kolonya","9":"first","10":"instock","11":"taxable","12":"shipping-taxable","13":"purchasable","14":"product-type-simple"},"_links":{"self":[{"href":"https:\/\/anka.farm\/en\/wp-json\/wp\/v2\/product\/7617","targetHints":{"allow":["GET"]}}],"collection":[{"href":"https:\/\/anka.farm\/en\/wp-json\/wp\/v2\/product"}],"about":[{"href":"https:\/\/anka.farm\/en\/wp-json\/wp\/v2\/types\/product"}],"replies":[{"embeddable":true,"href":"https:\/\/anka.farm\/en\/wp-json\/wp\/v2\/comments?post=7617"}],"wp:featuredmedia":[{"embeddable":true,"href":"https:\/\/anka.farm\/en\/wp-json\/wp\/v2\/media\/7696"}],"wp:attachment":[{"href":"https:\/\/anka.farm\/en\/wp-json\/wp\/v2\/media?parent=7617"}],"wp:term":[{"taxonomy":"product_brand","embeddable":true,"href":"https:\/\/anka.farm\/en\/wp-json\/wp\/v2\/product_brand?post=7617"},{"taxonomy":"product_cat","embeddable":true,"href":"https:\/\/anka.farm\/en\/wp-json\/wp\/v2\/product_cat?post=7617"},{"taxonomy":"product_tag","embeddable":true,"href":"https:\/\/anka.farm\/en\/wp-json\/wp\/v2\/product_tag?post=7617"}],"curies":[{"name":"wp","href":"https:\/\/api.w.org\/{rel}","templated":true}]}}