{"id":7618,"date":"2025-11-07T11:18:41","date_gmt":"2025-11-07T11:18:41","guid":{"rendered":"https:\/\/anka.farm\/?post_type=product&#038;p=7618"},"modified":"2025-11-18T00:17:24","modified_gmt":"2025-11-18T00:17:24","slug":"nazar-boncuklu-dilek-sabunu","status":"publish","type":"product","link":"https:\/\/anka.farm\/en\/urunlerimiz\/nazar-boncuklu-dilek-sabunu\/","title":{"rendered":"Nazar Amulet Wish Soap"},"content":{"rendered":"<p><b>Freshness and Elegance Together: Decorative Wish Soap with Evil Eye Beads<\/b><\/p>\n<p>Meet an accessory that will refresh the air of your home, both visually appealing and fragrant: Evil Eye Beaded Wish Soap.<\/p>\n<p>This product is designed to add fragrance and aesthetics to the environment rather than cleanliness. The evil eye bead detail is a stylish visual element that adds color to the design.<\/p>\n<p><b>Permanent Freshness in Every Space<\/b> <b>Thanks to its pleasant scent, it instantly creates a pleasant atmosphere wherever you hang it.<\/b> <b>Prepared with colorful and mixed scented soaps<\/b> This product, which is, <b>It has a unique odor.<\/b> Thanks to its formula <b>leaving a strong odor, especially in closed areas<\/b> provides a lasting feeling of freshness.<\/p>\n<p><b>Stylish, Rope and Decorative Design<\/b> <b>Thanks to its stylish appearance, it will add elegance to every area of your home.<\/b> It offers a dazzling look with its vibrant colors and evil eye bead detail. Its most useful feature is <b>It has a self-rope structure.<\/b> In this way, it <b>You can easily hang it wherever you want.<\/b><\/p>\n<p><b>Ideal Areas of Use:<\/b><\/p>\n<ul>\n<li><b>Bathrooms and Balconies:<\/b> It constantly creates a fresh and comfortable atmosphere.<\/li>\n<li><b>Cabinet Interiors:<\/b> Ideal for keeping your clothes and laundry smelling clean at all times.<\/li>\n<li><b>Entrance Hall or Room Entrances:<\/b> It welcomes you with a nice scent.<\/li>\n<li>In short, <b>wherever you want it to smell clean and look stylish<\/b> You can use it safely.<\/li>\n<\/ul>\n<p>Enhance the atmosphere of your home with these specially designed soaps that add both an aesthetic touch and freshness to the corner where they are located.<\/p>","protected":false},"excerpt":{"rendered":"<p>Ferahl\u0131k ve \u015e\u0131kl\u0131k Bir Arada: Nazar Boncuklu Dekoratif Dilek Sabunu Evinizin havas\u0131n\u0131 tazeleyecek, hem g\u00f6ze hitap eden hem de mis kokulu bir aksesuarla tan\u0131\u015f\u0131n: Nazar Boncuklu Dilek Sabunu. Bu \u00fcr\u00fcn, temizlikten \u00e7ok, bulundu\u011fu ortama koku ve estetik katmak i\u00e7in tasarlanm\u0131\u015ft\u0131r. \u00dczerindeki nazar boncu\u011fu detay\u0131, tasar\u0131m\u0131na renk katan \u015f\u0131k bir g\u00f6rsel unsurdur. Her Mekanda Kal\u0131c\u0131 Ferahl\u0131k [&hellip;]<\/p>","protected":false},"featured_media":7709,"comment_status":"open","ping_status":"closed","template":"","meta":[],"product_brand":[168],"product_cat":[171,155],"product_tag":[],"class_list":{"0":"post-7618","1":"product","2":"type-product","3":"status-publish","4":"has-post-thumbnail","6":"product_brand-anka-olive","7":"product_cat-kati-sabun","8":"product_cat-sabun","10":"first","11":"instock","12":"taxable","13":"shipping-taxable","14":"purchasable","15":"product-type-simple"},"_links":{"self":[{"href":"https:\/\/anka.farm\/en\/wp-json\/wp\/v2\/product\/7618","targetHints":{"allow":["GET"]}}],"collection":[{"href":"https:\/\/anka.farm\/en\/wp-json\/wp\/v2\/product"}],"about":[{"href":"https:\/\/anka.farm\/en\/wp-json\/wp\/v2\/types\/product"}],"replies":[{"embeddable":true,"href":"https:\/\/anka.farm\/en\/wp-json\/wp\/v2\/comments?post=7618"}],"wp:featuredmedia":[{"embeddable":true,"href":"https:\/\/anka.farm\/en\/wp-json\/wp\/v2\/media\/7709"}],"wp:attachment":[{"href":"https:\/\/anka.farm\/en\/wp-json\/wp\/v2\/media?parent=7618"}],"wp:term":[{"taxonomy":"product_brand","embeddable":true,"href":"https:\/\/anka.farm\/en\/wp-json\/wp\/v2\/product_brand?post=7618"},{"taxonomy":"product_cat","embeddable":true,"href":"https:\/\/anka.farm\/en\/wp-json\/wp\/v2\/product_cat?post=7618"},{"taxonomy":"product_tag","embeddable":true,"href":"https:\/\/anka.farm\/en\/wp-json\/wp\/v2\/product_tag?post=7618"}],"curies":[{"name":"wp","href":"https:\/\/api.w.org\/{rel}","templated":true}]}}